{"id":14366,"date":"2025-11-02T09:14:39","date_gmt":"2025-11-02T09:14:39","guid":{"rendered":"https:\/\/auraliss.com\/about-dr-islek\/"},"modified":"2025-11-05T09:45:58","modified_gmt":"2025-11-05T09:45:58","slug":"about-dr-islek","status":"publish","type":"page","link":"https:\/\/auraliss.com\/no\/about-dr-islek\/","title":{"rendered":"About Dr. Islek"},"content":{"rendered":"\t\t<div data-elementor-type=\"wp-page\" data-elementor-id=\"14366\" class=\"elementor elementor-14366 elementor-13733\" data-elementor-post-type=\"page\">\n\t\t\t\t<div class=\"elementor-element elementor-element-4ffab9d e-flex e-con-boxed rt-parallax-bg-no e-con e-parent\" data-id=\"4ffab9d\" data-element_type=\"container\" data-e-type=\"container\">\n\t\t\t\t\t<div class=\"e-con-inner\">\n\t\t<div class=\"elementor-element elementor-element-9e1bdf2 e-con-full e-flex rt-parallax-bg-no e-con e-child\" data-id=\"9e1bdf2\" data-element_type=\"container\" data-e-type=\"container\">\n\t\t<div class=\"elementor-element elementor-element-a23957c e-con-full sidebar-sticky e-flex rt-parallax-bg-no e-con e-child\" data-id=\"a23957c\" data-element_type=\"container\" data-e-type=\"container\">\n\t\t<div class=\"elementor-element elementor-element-f1e6118 e-con-full e-flex rt-parallax-bg-no e-con e-child\" data-id=\"f1e6118\" data-element_type=\"container\" data-e-type=\"container\">\n\t\t\t\t<div class=\"elementor-element elementor-element-895e51b elementor-invisible elementor-widget elementor-widget-rt-title\" data-id=\"895e51b\" data-element_type=\"widget\" data-e-type=\"widget\" data-widget_type=\"rt-title.default\">\n\t\t\t\t<div class=\"elementor-widget-container\">\n\t\t\t\t\t<div class=\"section-title-wrapper \">\r\n\t<div class=\"title-inner-wrapper ah-headline\">\r\n        \t\t<!--Top Sub Title-->\r\n\t\t\r\n\t\t<!--Main Title-->\r\n\t\t        <div class=\"wow-off fadeInUp\" data-wow-delay=\"400ms\" data-wow-duration=\"1200ms\">\r\n            <h2 class=\"main-title title-gradient-animation  line-shape has-animation middle \">Auraliss Health                            <\/h2>\r\n        <\/div>\r\n        \r\n        <!--Description-->\r\n        \r\n\t        <\/div>\r\n<\/div>\t\t\t\t<\/div>\n\t\t\t\t<\/div>\n\t\t\t\t<div class=\"elementor-element elementor-element-5823944 elementor-invisible elementor-widget elementor-widget-rt-button\" data-id=\"5823944\" data-element_type=\"widget\" data-e-type=\"widget\" data-widget_type=\"rt-button.default\">\n\t\t\t\t<div class=\"elementor-widget-container\">\n\t\t\t\t\t\r\n<div class=\"rt-button wow fadeInUp\" data-wow-delay=\"200ms\" data-wow-duration=\"1200ms\">\r\n\t\r\n                            <a class=\"rt-primary-btn btn button-2 \" href=\"https:\/\/auraliss.com\/about\/\" aria-label=\"button link\">\r\n\t                About Us\t                <i class=\"icon-rt-right-arrow\"><\/i>                <\/a>\r\n            \t<\/div>\t\t\t\t<\/div>\n\t\t\t\t<\/div>\n\t\t\t\t<div class=\"elementor-element elementor-element-035167d elementor-invisible elementor-widget elementor-widget-rt-button\" data-id=\"035167d\" data-element_type=\"widget\" data-e-type=\"widget\" data-widget_type=\"rt-button.default\">\n\t\t\t\t<div class=\"elementor-widget-container\">\n\t\t\t\t\t\r\n<div class=\"rt-button wow fadeInUp\" data-wow-delay=\"200ms\" data-wow-duration=\"1200ms\">\r\n\t\r\n                            <a class=\"rt-primary-btn btn button-2 \" href=\"https:\/\/auraliss.com\/about-dr-islek\/\" aria-label=\"button link\">\r\n\t                About Dr. Islek\t                <i class=\"icon-rt-right-arrow\"><\/i>                <\/a>\r\n            \t<\/div>\t\t\t\t<\/div>\n\t\t\t\t<\/div>\n\t\t\t\t<div class=\"elementor-element elementor-element-2e745a7 elementor-invisible elementor-widget elementor-widget-rt-button\" data-id=\"2e745a7\" data-element_type=\"widget\" data-e-type=\"widget\" data-widget_type=\"rt-button.default\">\n\t\t\t\t<div class=\"elementor-widget-container\">\n\t\t\t\t\t\r\n<div class=\"rt-button wow fadeInUp\" data-wow-delay=\"200ms\" data-wow-duration=\"1200ms\">\r\n\t\r\n                            <a class=\"rt-primary-btn btn button-2 \" href=\"\/our-technology\/\" aria-label=\"button link\">\r\n\t                Our Technology\t                <i class=\"icon-rt-right-arrow\"><\/i>                <\/a>\r\n            \t<\/div>\t\t\t\t<\/div>\n\t\t\t\t<\/div>\n\t\t\t\t<div class=\"elementor-element elementor-element-cb7dd5e elementor-invisible elementor-widget elementor-widget-rt-button\" data-id=\"cb7dd5e\" data-element_type=\"widget\" data-e-type=\"widget\" data-widget_type=\"rt-button.default\">\n\t\t\t\t<div class=\"elementor-widget-container\">\n\t\t\t\t\t\r\n<div class=\"rt-button wow fadeInUp\" data-wow-delay=\"200ms\" data-wow-duration=\"1200ms\">\r\n\t\r\n                            <a class=\"rt-primary-btn btn button-2 \" href=\"\/Awards\/\" aria-label=\"button link\">\r\n\t                Awards\t                <i class=\"icon-rt-right-arrow\"><\/i>                <\/a>\r\n            \t<\/div>\t\t\t\t<\/div>\n\t\t\t\t<\/div>\n\t\t\t\t<div class=\"elementor-element elementor-element-b043787 elementor-invisible elementor-widget elementor-widget-rt-button\" data-id=\"b043787\" data-element_type=\"widget\" data-e-type=\"widget\" data-widget_type=\"rt-button.default\">\n\t\t\t\t<div class=\"elementor-widget-container\">\n\t\t\t\t\t\r\n<div class=\"rt-button wow fadeInUp\" data-wow-delay=\"200ms\" data-wow-duration=\"1200ms\">\r\n\t\r\n                            <a class=\"rt-primary-btn btn button-2 \" href=\"\/certificates\/\" aria-label=\"button link\">\r\n\t                Certificates\t                <i class=\"icon-rt-right-arrow\"><\/i>                <\/a>\r\n            \t<\/div>\t\t\t\t<\/div>\n\t\t\t\t<\/div>\n\t\t\t\t<div class=\"elementor-element elementor-element-2440007 elementor-invisible elementor-widget elementor-widget-rt-button\" data-id=\"2440007\" data-element_type=\"widget\" data-e-type=\"widget\" data-widget_type=\"rt-button.default\">\n\t\t\t\t<div class=\"elementor-widget-container\">\n\t\t\t\t\t\r\n<div class=\"rt-button wow fadeInUp\" data-wow-delay=\"200ms\" data-wow-duration=\"1200ms\">\r\n\t\r\n                            <a class=\"rt-primary-btn btn button-2 \" href=\"\/dental-packages\/\" aria-label=\"button link\">\r\n\t                Dental Packages\t                <i class=\"icon-rt-right-arrow\"><\/i>                <\/a>\r\n            \t<\/div>\t\t\t\t<\/div>\n\t\t\t\t<\/div>\n\t\t\t\t<div class=\"elementor-element elementor-element-21ae8cf elementor-invisible elementor-widget elementor-widget-rt-button\" data-id=\"21ae8cf\" data-element_type=\"widget\" data-e-type=\"widget\" data-widget_type=\"rt-button.default\">\n\t\t\t\t<div class=\"elementor-widget-container\">\n\t\t\t\t\t\r\n<div class=\"rt-button wow fadeInUp\" data-wow-delay=\"200ms\" data-wow-duration=\"1200ms\">\r\n\t\r\n                            <a class=\"rt-primary-btn btn button-2 \" href=\"\/before-after\/\" aria-label=\"button link\">\r\n\t                Before &amp; After\t                <i class=\"icon-rt-right-arrow\"><\/i>                <\/a>\r\n            \t<\/div>\t\t\t\t<\/div>\n\t\t\t\t<\/div>\n\t\t\t\t<div class=\"elementor-element elementor-element-141a0f4 elementor-invisible elementor-widget elementor-widget-rt-button\" data-id=\"141a0f4\" data-element_type=\"widget\" data-e-type=\"widget\" data-widget_type=\"rt-button.default\">\n\t\t\t\t<div class=\"elementor-widget-container\">\n\t\t\t\t\t\r\n<div class=\"rt-button wow fadeInUp\" data-wow-delay=\"200ms\" data-wow-duration=\"1200ms\">\r\n\t\r\n                            <a class=\"rt-primary-btn btn button-2 \" href=\"https:\/\/auraliss.com\/dental-holiday-in-turkey\/\" aria-label=\"button link\">\r\n\t                Dental Holiday in Turkey\t                <i class=\"icon-rt-right-arrow\"><\/i>                <\/a>\r\n            \t<\/div>\t\t\t\t<\/div>\n\t\t\t\t<\/div>\n\t\t\t\t<div class=\"elementor-element elementor-element-2425b41 elementor-invisible elementor-widget elementor-widget-rt-button\" data-id=\"2425b41\" data-element_type=\"widget\" data-e-type=\"widget\" data-widget_type=\"rt-button.default\">\n\t\t\t\t<div class=\"elementor-widget-container\">\n\t\t\t\t\t\r\n<div class=\"rt-button wow fadeInUp\" data-wow-delay=\"200ms\" data-wow-duration=\"1200ms\">\r\n\t\r\n                            <a class=\"rt-primary-btn btn button-2 \" href=\"\/contact\/\" aria-label=\"button link\">\r\n\t                contact\t                <i class=\"icon-rt-right-arrow\"><\/i>                <\/a>\r\n            \t<\/div>\t\t\t\t<\/div>\n\t\t\t\t<\/div>\n\t\t\t\t<\/div>\n\t\t<div class=\"elementor-element elementor-element-b7536aa e-con-full animated-slow e-flex rt-parallax-bg-no elementor-invisible e-con e-child\" data-id=\"b7536aa\" data-element_type=\"container\" data-e-type=\"container\" data-settings=\"{&quot;background_background&quot;:&quot;classic&quot;,&quot;animation&quot;:&quot;fadeInUp&quot;}\">\n\t\t\t\t<div class=\"elementor-element elementor-element-dcc2794 elementor-invisible elementor-widget elementor-widget-rt-title\" data-id=\"dcc2794\" data-element_type=\"widget\" data-e-type=\"widget\" data-widget_type=\"rt-title.default\">\n\t\t\t\t<div class=\"elementor-widget-container\">\n\t\t\t\t\t<div class=\"section-title-wrapper \">\r\n\t<div class=\"title-inner-wrapper ah-headline\">\r\n        \t\t<!--Top Sub Title-->\r\n\t\t\r\n\t\t<!--Main Title-->\r\n\t\t        <div class=\"wow-off fadeInUp\" data-wow-delay=\"400ms\" data-wow-duration=\"1200ms\">\r\n            <h2 class=\"main-title title-gradient-animation  line-shape has-animation middle \">We always take care of \nyour smile &amp; Self Confident                            <\/h2>\r\n        <\/div>\r\n        \r\n        <!--Description-->\r\n        \r\n\t        <\/div>\r\n<\/div>\t\t\t\t<\/div>\n\t\t\t\t<\/div>\n\t\t\t\t<div class=\"elementor-element elementor-element-748b803 elementor-invisible elementor-widget elementor-widget-rt-info-box\" data-id=\"748b803\" data-element_type=\"widget\" data-e-type=\"widget\" data-widget_type=\"rt-info-box.default\">\n\t\t\t\t<div class=\"elementor-widget-container\">\n\t\t\t\t\t\r\n<div class=\"rt-info-box rt-info-layout-2\" data-parallax='{\"y\" : , \"x\" : }'>\r\n    <div class=\"info-box wow-off fadeInUp\" data-wow-delay=\"200ms\" data-wow-duration=\"1200ms\">\r\n\t\t            <div class=\"info-icon-holder icon-holder\">\r\n                <div class=\"info-icon\">\r\n\t\t            <i aria-hidden=\"true\" class=\"fab fa-whatsapp\"><\/i>                <\/div>\r\n            <\/div>\r\n\t\t\r\n        <div class=\"info-content-holder\">\r\n\t\t\t            <h3 class=\"info-title\"><a >WhatsApp:<\/a><\/h3>\r\n\t                                    <div class=\"content-holder\"><p>+90 542 172 57 82\n\n<\/p><\/div>\r\n                                <\/div>\r\n    <\/div>\r\n<\/div>\t\t\t\t<\/div>\n\t\t\t\t<\/div>\n\t\t\t\t<\/div>\n\t\t\t\t<\/div>\n\t\t<div class=\"elementor-element elementor-element-af23d58 e-con-full e-flex rt-parallax-bg-no e-con e-child\" data-id=\"af23d58\" data-element_type=\"container\" data-e-type=\"container\">\n\t\t\t\t<div class=\"elementor-element elementor-element-cab5238 elementor-widget elementor-widget-rt-image\" data-id=\"cab5238\" data-element_type=\"widget\" data-e-type=\"widget\" data-widget_type=\"rt-image.default\">\n\t\t\t\t<div class=\"elementor-widget-container\">\n\t\t\t\t\t\r\n<div class=\"rt-image-layout rt-loop-animation-no rt-image-layout-1 \">\r\n\r\n\t        <div class=\"rt-image  wow-off fadeInUp\" data-wow-delay=\"200ms\" data-wow-duration=\"1200ms\">\r\n            <div data-parallax='{\"y\" : , \"x\" : }'>\r\n\t            \t\t            \t\t                        <\/div>\r\n        <\/div>\r\n\r\n\t\t    \r\n\r\n\t\r\n<\/div>\t\t\t\t<\/div>\n\t\t\t\t<\/div>\n\t\t\t\t<div class=\"elementor-element elementor-element-af4c6c1 elementor-widget elementor-widget-html\" data-id=\"af4c6c1\" data-element_type=\"widget\" data-e-type=\"widget\" data-widget_type=\"html.default\">\n\t\t\t\t\t<section class=\"doctor-profile-horizontal\">\r\n  <div class=\"doctor-banner\">\r\n    <img decoding=\"async\" src=\"http:\/\/auraliss.com\/wp-content\/uploads\/2025\/11\/founder.png\" alt=\"Dr. Mehmet \u0130\u015flek\" title=\"\">\r\n    <div class=\"banner-overlay\">\r\n      <h2>Dr. Mehmet \u0130\u015flek<\/h2>\r\n      <p>En pioner innen tannhelse og et betrodd navn innen avansert tannbehandling i Antalya.<\/p>\r\n    <\/div>\r\n  <\/div>\r\n\r\n  <div class=\"doctor-content\">\r\n    <div class=\"doctor-section\">\r\n      <h3>Biografi<\/h3>\r\n      <p>\r\n        F\u00f8dt i Antalya i 1957. Han ble uteksaminert fra Dicle Universitet i 1982 og jobbet som privat tannlege fra 1982 til 1984. I 1986 \u00e5pnet han sin egen klinikk i Antalya, og siden 2011 har han eid og drevet \u00abAttelia Oral and Dental Health Centre\u00bb.\r\n      <\/p>\r\n    <\/div>\r\n\r\n    <div class=\"doctor-section\">\r\n      <h3>Klinisk fokus<\/h3>\r\n      <p>\r\n        Dr. Mehmet \u0130\u015flek har deltatt p\u00e5 mange kongresser og seminarer gjennom sin karriere. Han har spesielt fokusert p\u00e5 avanserte kirurgiske teknikker, implantatkirurgi, estetisk tannbehandling og proteser.\r\n      <\/p>\r\n    <\/div>\r\n\r\n    <div class=\"doctor-section\">\r\n      <h3>Pionerarbeid<\/h3>\r\n      <p>\r\n        Han har deltatt i TV-programmer hvor han har delt sine erfaringer og prestasjoner fra sin profesjonelle karriere, og han deler sin kunnskap og ekspertise med andre tannleger ved \u00abAttelia Oral and Dental Health Centre\u00bb. Dr. Mehmet \u0130\u015flek var den f\u00f8rste i Antalya som tok i bruk volumetrisk tomografiutstyr, og en av de f\u00f8rste som benyttet datastyrt implantatteknologi. Han er kjent som en tannlege som f\u00f8lger og implementerer de nyeste teknologiske fremskrittene innen tannmedisin.\r\n      <\/p>\r\n    <\/div>\r\n\r\n    <div class=\"doctor-section\">\r\n      <h3>Utmerkelser<\/h3>\r\n      <p>\r\n        Mehmet \u0130\u015flek har mottatt en rekke priser, inkludert \u00abInternational Award of Excellence & IAE British Dental Awards \u2013 Europe\u2019s Top Star in Dentistry \u2013 Mehmet Islek \u2013 5. september 2020\u00bb.\r\n      <\/p>\r\n    <\/div>\r\n\r\n    <a href=\"https:\/\/auraliss.com\/appointment\/\" class=\"cta-button\">Bestill en time<\/a>\r\n  <\/div>\r\n<\/section>\r\n\t\t\t\t<\/div>\n\t\t\t\t<\/div>\n\t\t\t\t<\/div>\n\t\t\t\t\t<\/div>\n\t\t\t\t<\/div>\n\t\t\t\t<\/div>\n\t\t","protected":false},"excerpt":{"rendered":"<p>Auraliss Health About Us About Dr. Islek Our Technology Awards Certificates Dental Packages Before &amp; After Dental Holiday in Turkey contact We always take care of your smile &amp; Self Confident WhatsApp: +90 542 172 57 82 Dr. Mehmet \u0130\u015flek En pioner innen tannhelse og et betrodd navn innen avansert tannbehandling i Antalya. Biografi F\u00f8dt [&hellip;]<\/p>\n","protected":false},"author":1,"featured_media":0,"parent":0,"menu_order":0,"comment_status":"closed","ping_status":"closed","template":"elementor_header_footer","meta":{"_acf_changed":false,"footnotes":""},"class_list":["post-14366","page","type-page","status-publish","hentry"],"acf":[],"_links":{"self":[{"href":"https:\/\/auraliss.com\/no\/wp-json\/wp\/v2\/pages\/14366","targetHints":{"allow":["GET"]}}],"collection":[{"href":"https:\/\/auraliss.com\/no\/wp-json\/wp\/v2\/pages"}],"about":[{"href":"https:\/\/auraliss.com\/no\/wp-json\/wp\/v2\/types\/page"}],"author":[{"embeddable":true,"href":"https:\/\/auraliss.com\/no\/wp-json\/wp\/v2\/users\/1"}],"replies":[{"embeddable":true,"href":"https:\/\/auraliss.com\/no\/wp-json\/wp\/v2\/comments?post=14366"}],"version-history":[{"count":1,"href":"https:\/\/auraliss.com\/no\/wp-json\/wp\/v2\/pages\/14366\/revisions"}],"predecessor-version":[{"id":14367,"href":"https:\/\/auraliss.com\/no\/wp-json\/wp\/v2\/pages\/14366\/revisions\/14367"}],"wp:attachment":[{"href":"https:\/\/auraliss.com\/no\/wp-json\/wp\/v2\/media?parent=14366"}],"curies":[{"name":"wp","href":"https:\/\/api.w.org\/{rel}","templated":true}]}}