{"id":14584,"date":"2025-11-02T09:21:10","date_gmt":"2025-11-02T09:21:10","guid":{"rendered":"https:\/\/auraliss.com\/unsere-technologie\/"},"modified":"2025-11-05T11:56:23","modified_gmt":"2025-11-05T11:56:23","slug":"unsere-technologie","status":"publish","type":"page","link":"https:\/\/auraliss.com\/de\/unsere-technologie\/","title":{"rendered":"Unsere Technologie"},"content":{"rendered":"\t\t<div data-elementor-type=\"wp-page\" data-elementor-id=\"14584\" class=\"elementor elementor-14584 elementor-13743\" data-elementor-post-type=\"page\">\n\t\t\t\t<div class=\"elementor-element elementor-element-4ffab9d e-flex e-con-boxed rt-parallax-bg-no e-con e-parent\" data-id=\"4ffab9d\" data-element_type=\"container\" data-e-type=\"container\">\n\t\t\t\t\t<div class=\"e-con-inner\">\n\t\t<div class=\"elementor-element elementor-element-9e1bdf2 e-con-full e-flex rt-parallax-bg-no e-con e-child\" data-id=\"9e1bdf2\" data-element_type=\"container\" data-e-type=\"container\">\n\t\t<div class=\"elementor-element elementor-element-eaaf4e3 e-con-full sidebar-sticky e-flex rt-parallax-bg-no e-con e-child\" data-id=\"eaaf4e3\" data-element_type=\"container\" data-e-type=\"container\">\n\t\t<div class=\"elementor-element elementor-element-d51d757 e-con-full e-flex rt-parallax-bg-no e-con e-child\" data-id=\"d51d757\" data-element_type=\"container\" data-e-type=\"container\">\n\t\t\t\t<div class=\"elementor-element elementor-element-99409b4 elementor-invisible elementor-widget elementor-widget-rt-title\" data-id=\"99409b4\" data-element_type=\"widget\" data-e-type=\"widget\" data-widget_type=\"rt-title.default\">\n\t\t\t\t<div class=\"elementor-widget-container\">\n\t\t\t\t\t<div class=\"section-title-wrapper \">\r\n\t<div class=\"title-inner-wrapper ah-headline\">\r\n        \t\t<!--Top Sub Title-->\r\n\t\t\r\n\t\t<!--Main Title-->\r\n\t\t        <div class=\"wow-off fadeInUp\" data-wow-delay=\"400ms\" data-wow-duration=\"1200ms\">\r\n            <h2 class=\"main-title title-gradient-animation  line-shape has-animation middle \">Auraliss Health                            <\/h2>\r\n        <\/div>\r\n        \r\n        <!--Description-->\r\n        \r\n\t        <\/div>\r\n<\/div>\t\t\t\t<\/div>\n\t\t\t\t<\/div>\n\t\t\t\t<div class=\"elementor-element elementor-element-85d8c59 elementor-invisible elementor-widget elementor-widget-rt-button\" data-id=\"85d8c59\" data-element_type=\"widget\" data-e-type=\"widget\" data-widget_type=\"rt-button.default\">\n\t\t\t\t<div class=\"elementor-widget-container\">\n\t\t\t\t\t\r\n<div class=\"rt-button wow fadeInUp\" data-wow-delay=\"200ms\" data-wow-duration=\"1200ms\">\r\n\t\r\n                            <a class=\"rt-primary-btn btn button-2 \" href=\"https:\/\/auraliss.com\/de\/ueber-uns\/\" aria-label=\"button link\">\r\n\t                \u00dcber Uns\t                <i class=\"icon-rt-right-arrow\"><\/i>                <\/a>\r\n            \t<\/div>\t\t\t\t<\/div>\n\t\t\t\t<\/div>\n\t\t\t\t<div class=\"elementor-element elementor-element-e41cca5 elementor-invisible elementor-widget elementor-widget-rt-button\" data-id=\"e41cca5\" data-element_type=\"widget\" data-e-type=\"widget\" data-widget_type=\"rt-button.default\">\n\t\t\t\t<div class=\"elementor-widget-container\">\n\t\t\t\t\t\r\n<div class=\"rt-button wow fadeInUp\" data-wow-delay=\"200ms\" data-wow-duration=\"1200ms\">\r\n\t\r\n                            <a class=\"rt-primary-btn btn button-2 \" href=\"\/de\/ueber-dr-islek\/\" aria-label=\"button link\">\r\n\t                \u00dcber Dr. Islek\t                <i class=\"icon-rt-right-arrow\"><\/i>                <\/a>\r\n            \t<\/div>\t\t\t\t<\/div>\n\t\t\t\t<\/div>\n\t\t\t\t<div class=\"elementor-element elementor-element-4e7c56a elementor-invisible elementor-widget elementor-widget-rt-button\" data-id=\"4e7c56a\" data-element_type=\"widget\" data-e-type=\"widget\" data-widget_type=\"rt-button.default\">\n\t\t\t\t<div class=\"elementor-widget-container\">\n\t\t\t\t\t\r\n<div class=\"rt-button wow fadeInUp\" data-wow-delay=\"200ms\" data-wow-duration=\"1200ms\">\r\n\t\r\n                            <a class=\"rt-primary-btn btn button-2 \" href=\"\/de\/Unsere-Technologie\/\" aria-label=\"button link\">\r\n\t                Unsere Technologie\t                <i class=\"icon-rt-right-arrow\"><\/i>                <\/a>\r\n            \t<\/div>\t\t\t\t<\/div>\n\t\t\t\t<\/div>\n\t\t\t\t<div class=\"elementor-element elementor-element-d21a56f elementor-invisible elementor-widget elementor-widget-rt-button\" data-id=\"d21a56f\" data-element_type=\"widget\" data-e-type=\"widget\" data-widget_type=\"rt-button.default\">\n\t\t\t\t<div class=\"elementor-widget-container\">\n\t\t\t\t\t\r\n<div class=\"rt-button wow fadeInUp\" data-wow-delay=\"200ms\" data-wow-duration=\"1200ms\">\r\n\t\r\n                            <a class=\"rt-primary-btn btn button-2 \" href=\"\/de\/Auszeichnungen\/\" aria-label=\"button link\">\r\n\t                Auszeichnungen\t                <i class=\"icon-rt-right-arrow\"><\/i>                <\/a>\r\n            \t<\/div>\t\t\t\t<\/div>\n\t\t\t\t<\/div>\n\t\t\t\t<div class=\"elementor-element elementor-element-489648f elementor-invisible elementor-widget elementor-widget-rt-button\" data-id=\"489648f\" data-element_type=\"widget\" data-e-type=\"widget\" data-widget_type=\"rt-button.default\">\n\t\t\t\t<div class=\"elementor-widget-container\">\n\t\t\t\t\t\r\n<div class=\"rt-button wow fadeInUp\" data-wow-delay=\"200ms\" data-wow-duration=\"1200ms\">\r\n\t\r\n                            <a class=\"rt-primary-btn btn button-2 \" href=\"\/de\/Zertifikate\/\" aria-label=\"button link\">\r\n\t                Zertifikate\t                <i class=\"icon-rt-right-arrow\"><\/i>                <\/a>\r\n            \t<\/div>\t\t\t\t<\/div>\n\t\t\t\t<\/div>\n\t\t\t\t<div class=\"elementor-element elementor-element-b1865c5 elementor-invisible elementor-widget elementor-widget-rt-button\" data-id=\"b1865c5\" data-element_type=\"widget\" data-e-type=\"widget\" data-widget_type=\"rt-button.default\">\n\t\t\t\t<div class=\"elementor-widget-container\">\n\t\t\t\t\t\r\n<div class=\"rt-button wow fadeInUp\" data-wow-delay=\"200ms\" data-wow-duration=\"1200ms\">\r\n\t\r\n                            <a class=\"rt-primary-btn btn button-2 \" href=\"\/de\/Zahnbehandlungspakete\/\" aria-label=\"button link\">\r\n\t                Zahnbehandlungspakete\t                <i class=\"icon-rt-right-arrow\"><\/i>                <\/a>\r\n            \t<\/div>\t\t\t\t<\/div>\n\t\t\t\t<\/div>\n\t\t\t\t<div class=\"elementor-element elementor-element-e295a03 elementor-invisible elementor-widget elementor-widget-rt-button\" data-id=\"e295a03\" data-element_type=\"widget\" data-e-type=\"widget\" data-widget_type=\"rt-button.default\">\n\t\t\t\t<div class=\"elementor-widget-container\">\n\t\t\t\t\t\r\n<div class=\"rt-button wow fadeInUp\" data-wow-delay=\"200ms\" data-wow-duration=\"1200ms\">\r\n\t\r\n                            <a class=\"rt-primary-btn btn button-2 \" href=\"\/de\/Vorher-Nachher\/\" aria-label=\"button link\">\r\n\t                Vorher &amp; Nachher\t                <i class=\"icon-rt-right-arrow\"><\/i>                <\/a>\r\n            \t<\/div>\t\t\t\t<\/div>\n\t\t\t\t<\/div>\n\t\t\t\t<div class=\"elementor-element elementor-element-299912f elementor-invisible elementor-widget elementor-widget-rt-button\" data-id=\"299912f\" data-element_type=\"widget\" data-e-type=\"widget\" data-widget_type=\"rt-button.default\">\n\t\t\t\t<div class=\"elementor-widget-container\">\n\t\t\t\t\t\r\n<div class=\"rt-button wow fadeInUp\" data-wow-delay=\"200ms\" data-wow-duration=\"1200ms\">\r\n\t\r\n                            <a class=\"rt-primary-btn btn button-2 \" href=\"https:\/\/auraliss.com\/de\/zahnreise-in-die-tuerkei\/\" aria-label=\"button link\">\r\n\t                Zahnreise in die T\u00fcrkei\t                <i class=\"icon-rt-right-arrow\"><\/i>                <\/a>\r\n            \t<\/div>\t\t\t\t<\/div>\n\t\t\t\t<\/div>\n\t\t\t\t<div class=\"elementor-element elementor-element-0fbce98 elementor-invisible elementor-widget elementor-widget-rt-button\" data-id=\"0fbce98\" data-element_type=\"widget\" data-e-type=\"widget\" data-widget_type=\"rt-button.default\">\n\t\t\t\t<div class=\"elementor-widget-container\">\n\t\t\t\t\t\r\n<div class=\"rt-button wow fadeInUp\" data-wow-delay=\"200ms\" data-wow-duration=\"1200ms\">\r\n\t\r\n                            <a class=\"rt-primary-btn btn button-2 \" href=\"\/de\/Kontakt\/\" aria-label=\"button link\">\r\n\t                Kontakt\t                <i class=\"icon-rt-right-arrow\"><\/i>                <\/a>\r\n            \t<\/div>\t\t\t\t<\/div>\n\t\t\t\t<\/div>\n\t\t\t\t<\/div>\n\t\t<div class=\"elementor-element elementor-element-d4c057e e-con-full animated-slow e-flex rt-parallax-bg-no elementor-invisible e-con e-child\" data-id=\"d4c057e\" data-element_type=\"container\" data-e-type=\"container\" data-settings=\"{&quot;background_background&quot;:&quot;classic&quot;,&quot;animation&quot;:&quot;fadeInUp&quot;}\">\n\t\t\t\t<div class=\"elementor-element elementor-element-0f6ea1a elementor-invisible elementor-widget elementor-widget-rt-title\" data-id=\"0f6ea1a\" data-element_type=\"widget\" data-e-type=\"widget\" data-widget_type=\"rt-title.default\">\n\t\t\t\t<div class=\"elementor-widget-container\">\n\t\t\t\t\t<div class=\"section-title-wrapper \">\r\n\t<div class=\"title-inner-wrapper ah-headline\">\r\n        \t\t<!--Top Sub Title-->\r\n\t\t\r\n\t\t<!--Main Title-->\r\n\t\t        <div class=\"wow-off fadeInUp\" data-wow-delay=\"400ms\" data-wow-duration=\"1200ms\">\r\n            <h2 class=\"main-title title-gradient-animation  line-shape has-animation middle \">Wir k\u00fcmmern uns immer um Ihr L\u00e4cheln und Ihr Selbstvertrauen.                            <\/h2>\r\n        <\/div>\r\n        \r\n        <!--Description-->\r\n        \r\n\t        <\/div>\r\n<\/div>\t\t\t\t<\/div>\n\t\t\t\t<\/div>\n\t\t\t\t<div class=\"elementor-element elementor-element-c116243 elementor-invisible elementor-widget elementor-widget-rt-info-box\" data-id=\"c116243\" data-element_type=\"widget\" data-e-type=\"widget\" data-widget_type=\"rt-info-box.default\">\n\t\t\t\t<div class=\"elementor-widget-container\">\n\t\t\t\t\t\r\n<div class=\"rt-info-box rt-info-layout-2\" data-parallax='{\"y\" : , \"x\" : }'>\r\n    <div class=\"info-box wow-off fadeInUp\" data-wow-delay=\"200ms\" data-wow-duration=\"1200ms\">\r\n\t\t            <div class=\"info-icon-holder icon-holder\">\r\n                <div class=\"info-icon\">\r\n\t\t            <i aria-hidden=\"true\" class=\"fab fa-whatsapp\"><\/i>                <\/div>\r\n            <\/div>\r\n\t\t\r\n        <div class=\"info-content-holder\">\r\n\t\t\t            <h3 class=\"info-title\"><a >WhatsApp:<\/a><\/h3>\r\n\t                                    <div class=\"content-holder\"><p>+90 542 172 57 82\n\n<\/p><\/div>\r\n                                <\/div>\r\n    <\/div>\r\n<\/div>\t\t\t\t<\/div>\n\t\t\t\t<\/div>\n\t\t\t\t<\/div>\n\t\t\t\t<\/div>\n\t\t<div class=\"elementor-element elementor-element-af23d58 e-con-full e-flex rt-parallax-bg-no e-con e-child\" data-id=\"af23d58\" data-element_type=\"container\" data-e-type=\"container\">\n\t\t\t\t<div class=\"elementor-element elementor-element-cab5238 elementor-widget elementor-widget-rt-image\" data-id=\"cab5238\" data-element_type=\"widget\" data-e-type=\"widget\" data-widget_type=\"rt-image.default\">\n\t\t\t\t<div class=\"elementor-widget-container\">\n\t\t\t\t\t\r\n<div class=\"rt-image-layout rt-loop-animation-no rt-image-layout-1 \">\r\n\r\n\t        <div class=\"rt-image  wow-off fadeInUp\" data-wow-delay=\"200ms\" data-wow-duration=\"1200ms\">\r\n            <div data-parallax='{\"y\" : , \"x\" : }'>\r\n\t            \t\t            \t\t                        <\/div>\r\n        <\/div>\r\n\r\n\t\t    \r\n\r\n\t\r\n<\/div>\t\t\t\t<\/div>\n\t\t\t\t<\/div>\n\t\t\t\t<div class=\"elementor-element elementor-element-af4c6c1 elementor-widget elementor-widget-html\" data-id=\"af4c6c1\" data-element_type=\"widget\" data-e-type=\"widget\" data-widget_type=\"html.default\">\n\t\t\t\t\t<section class=\"our-technology\">\r\n  <div class=\"tech-banner\">\r\n    <img decoding=\"async\" src=\"http:\/\/auraliss.com\/wp-content\/uploads\/2025\/11\/Our-Technology.png\" alt=\"Unsere Technologie bei Auraliss\" title=\"\">\r\n  <\/div>\r\n\r\n  <h2 class=\"section-title\">Unsere Technologie<\/h2>\r\n  <p class=\"intro\">\r\n    Bei Auraliss ist die digitale Zahnmedizin in jeder Behandlungsphase integriert. Fortschrittliche Bildgebung, computergest\u00fctzte Planung und eigene Produktion erm\u00f6glichen uns pr\u00e4zise, vorhersehbare und zeiteffiziente Behandlungen f\u00fcr internationale Patienten.\r\n  <\/p>\r\n\r\n  <div class=\"tech-grid\">\r\n\r\n    <div class=\"tech-box\">\r\n      <h3>CBCT 3D-Bildgebung & Panoramar\u00f6ntgen<\/h3>\r\n      <p>Das Cone Beam CT liefert dreidimensionale Informationen \u00fcber Knochenvolumen, Nerven und die Anatomie der Kieferh\u00f6hle, w\u00e4hrend Panoramar\u00f6ntgenaufnahmen einen umfassenden \u00dcberblick \u00fcber Kiefer und Z\u00e4hne bieten. Zusammen unterst\u00fctzen sie eine genaue Diagnose und eine sichere Planung f\u00fcr Implantate, Extraktionen und komplexe Restaurationen.<\/p>\r\n    <\/div>\r\n\r\n    <div class=\"tech-box\">\r\n      <h3>Intraorale Scanner & Digitales Smile Design<\/h3>\r\n      <p>Hochaufl\u00f6sende Scanner ersetzen herk\u00f6mmliche Abdr\u00fccke durch saubere, schnelle und komfortable digitale Aufnahmen. Mit Hilfe von Smile-Design-Software simulieren wir Form- und Farboptionen auf Ihren Gesichtsaufnahmen, um das \u00e4sthetische Ergebnis bereits vor Behandlungsbeginn zu visualisieren.<\/p>\r\n    <\/div>\r\n\r\n    <div class=\"tech-box\">\r\n      <h3>CAD\/CAM-Produktion & Eigenes Labor<\/h3>\r\n      <p>Kronen, Veneers und Br\u00fccken werden computergest\u00fctzt entworfen und in unserem eigenen Labor mit CAD\/CAM-Systemen gefertigt. Dieser integrierte Workflow verk\u00fcrzt die Behandlungszeit und garantiert eine pr\u00e4zise Passform mit nat\u00fcrlicher \u00c4sthetik.<\/p>\r\n    <\/div>\r\n\r\n    <div class=\"tech-box\">\r\n      <h3>Gef\u00fchrte Implantatchirurgie<\/h3>\r\n      <p>Chirurgische Schablonen werden auf Basis Ihres CBCTs und Ihrer digitalen Scans geplant, um die ideale Position und den Winkel der Implantate festzulegen. Die gef\u00fchrte Platzierung erh\u00f6ht die Genauigkeit, sch\u00fctzt anatomische Strukturen und kann die Behandlungszeit verk\u00fcrzen.<\/p>\r\n    <\/div>\r\n\r\n    <div class=\"tech-box\">\r\n      <h3>Mikroskopische & Minimalinvasive Zahnmedizin<\/h3>\r\n      <p>Zahn\u00e4rztliche Mikroskope und Lupen erm\u00f6glichen pr\u00e4zises Arbeiten in der Endodontie und restaurativen Zahnmedizin, schonen gesundes Gewebe und verbessern langfristig das Behandlungsergebnis.<\/p>\r\n    <\/div>\r\n\r\n    <div class=\"tech-box\">\r\n      <h3>Laser- & Piezoelektrische Chirurgie<\/h3>\r\n      <p>Weichgewebslaser und piezoelektrische Ger\u00e4te erm\u00f6glichen sanfte Schnitte und bessere Sichtbarkeit bei Zahnfleischformung, Implantatfreilegung und atraumatischen Knochenbehandlungen \u2013 f\u00fcr schnellere und angenehmere Heilung.<\/p>\r\n    <\/div>\r\n\r\n    <div class=\"tech-box\">\r\n      <h3>An\u00e4sthesie- & Sedierungsinfrastruktur<\/h3>\r\n      <p>F\u00fcr Patienten, die es ben\u00f6tigen, k\u00f6nnen Behandlungen unter Sedierung oder Vollnarkose in speziellen Operationss\u00e4len durchgef\u00fchrt werden \u2013 mit kontinuierlicher \u00dcberwachung durch spezialisierte An\u00e4sthesieteams.<\/p>\r\n    <\/div>\r\n\r\n    <div class=\"tech-box\">\r\n      <h3>Sterilisation & Infektionskontrolle<\/h3>\r\n      <p>Wir befolgen internationale Sterilisationsstandards mit Instrumentenverfolgung, validierten Autoklavzyklen und strengen Desinfektionsprotokollen \u2013 f\u00fcr eine sichere klinische Umgebung w\u00e4hrend des gesamten Tages.<\/p>\r\n    <\/div>\r\n\r\n    <div class=\"tech-box\">\r\n      <h3>Materialien & Qualit\u00e4tsmanagement<\/h3>\r\n      <p>Wir arbeiten mit bew\u00e4hrten Implantatsystemen und Keramikmaterialien, dokumentieren jeden Fall digital und bieten schriftliche Garantien \u2013 damit Ihr L\u00e4cheln auf soliden klinischen Nachweisen und R\u00fcckverfolgbarkeit basiert.<\/p>\r\n    <\/div>\r\n\r\n  <\/div>\r\n<\/section>\r\n\t\t\t\t<\/div>\n\t\t\t\t<\/div>\n\t\t\t\t<\/div>\n\t\t\t\t\t<\/div>\n\t\t\t\t<\/div>\n\t\t\t\t<\/div>\n\t\t","protected":false},"excerpt":{"rendered":"<p>Auraliss Health \u00dcber Uns \u00dcber Dr. Islek Unsere Technologie Auszeichnungen Zertifikate Zahnbehandlungspakete Vorher &amp; Nachher Zahnreise in die T\u00fcrkei Kontakt Wir k\u00fcmmern uns immer um Ihr L\u00e4cheln und Ihr Selbstvertrauen. WhatsApp: +90 542 172 57 82 Unsere Technologie Bei Auraliss ist die digitale Zahnmedizin in jeder Behandlungsphase integriert. Fortschrittliche Bildgebung, computergest\u00fctzte Planung und eigene Produktion [&hellip;]<\/p>\n","protected":false},"author":1,"featured_media":0,"parent":0,"menu_order":0,"comment_status":"closed","ping_status":"closed","template":"elementor_header_footer","meta":{"_acf_changed":false,"footnotes":""},"class_list":["post-14584","page","type-page","status-publish","hentry"],"acf":[],"_links":{"self":[{"href":"https:\/\/auraliss.com\/de\/wp-json\/wp\/v2\/pages\/14584","targetHints":{"allow":["GET"]}}],"collection":[{"href":"https:\/\/auraliss.com\/de\/wp-json\/wp\/v2\/pages"}],"about":[{"href":"https:\/\/auraliss.com\/de\/wp-json\/wp\/v2\/types\/page"}],"author":[{"embeddable":true,"href":"https:\/\/auraliss.com\/de\/wp-json\/wp\/v2\/users\/1"}],"replies":[{"embeddable":true,"href":"https:\/\/auraliss.com\/de\/wp-json\/wp\/v2\/comments?post=14584"}],"version-history":[{"count":12,"href":"https:\/\/auraliss.com\/de\/wp-json\/wp\/v2\/pages\/14584\/revisions"}],"predecessor-version":[{"id":14608,"href":"https:\/\/auraliss.com\/de\/wp-json\/wp\/v2\/pages\/14584\/revisions\/14608"}],"wp:attachment":[{"href":"https:\/\/auraliss.com\/de\/wp-json\/wp\/v2\/media?parent=14584"}],"curies":[{"name":"wp","href":"https:\/\/api.w.org\/{rel}","templated":true}]}}