{"id":14527,"date":"2025-08-27T12:19:58","date_gmt":"2025-08-27T12:19:58","guid":{"rendered":"https:\/\/auraliss.com\/zahnaerzteteam\/"},"modified":"2025-11-05T11:18:13","modified_gmt":"2025-11-05T11:18:13","slug":"zahnaerzteteam","status":"publish","type":"page","link":"https:\/\/auraliss.com\/de\/zahnaerzteteam\/","title":{"rendered":"Zahn\u00e4rzteteam"},"content":{"rendered":"\t\t<div data-elementor-type=\"wp-page\" data-elementor-id=\"14527\" class=\"elementor elementor-14527 elementor-11219\" data-elementor-post-type=\"page\">\n\t\t\t\t<div class=\"elementor-element elementor-element-d6a49fb e-flex e-con-boxed rt-parallax-bg-no e-con e-parent\" data-id=\"d6a49fb\" data-element_type=\"container\" data-e-type=\"container\">\n\t\t\t\t\t<div class=\"e-con-inner\">\n\t\t<div class=\"elementor-element elementor-element-80b4398 e-con-full e-flex rt-parallax-bg-no e-con e-child\" data-id=\"80b4398\" data-element_type=\"container\" data-e-type=\"container\">\n\t\t\t\t<div class=\"elementor-element elementor-element-564fbe3 elementor-invisible elementor-widget elementor-widget-rt-team\" data-id=\"564fbe3\" data-element_type=\"widget\" data-e-type=\"widget\" data-widget_type=\"rt-team.default\">\n\t\t\t\t<div class=\"elementor-widget-container\">\n\t\t\t\t\t<div class=\"rt-team-default rt-team-multi-layout-1 team-grid-layout-1\">\r\n\t<div class=\"row g-3\">\r\n\t\t\t<\/div>\r\n<\/div>\t\t\t\t<\/div>\n\t\t\t\t<\/div>\n\t\t\t\t<\/div>\n\t\t\t\t\t<\/div>\n\t\t\t\t<\/div>\n\t\t\t\t<\/div>\n\t\t","protected":false},"excerpt":{"rendered":"<p>Mehmet \u0130\u015flek Major Dentist Asl\u0131 Ataseven Speacialist Dentist Derya Parpar Prosthodontics Zehra Sat\u0131c\u0131 Dentist M\u00fcge K\u0131l\u0131\u00e7 Anesthesiologist Umut Ayraler Aesthetic Dentist \u0130pek A\u00e7\u0131kba\u015f Prosthodontics Ahmet G\u00fcltekin Restorative Treatment Specialist Furkan \u00d6lmez Speacialist Dentist Serkan \u00c7\u0131nar Specialist In Prosthodontics K\u00fcbra T. Kahraman Prosthesis Specialist \u00d6mer Sar\u0131kaya Cosmetic Dentist Can Bayraktar Dentist Arif Sermed Erdem Maxillofacial Surgeon<\/p>\n","protected":false},"author":1,"featured_media":0,"parent":0,"menu_order":0,"comment_status":"closed","ping_status":"closed","template":"elementor_header_footer","meta":{"_acf_changed":false,"footnotes":""},"class_list":["post-14527","page","type-page","status-publish","hentry"],"acf":[],"_links":{"self":[{"href":"https:\/\/auraliss.com\/de\/wp-json\/wp\/v2\/pages\/14527","targetHints":{"allow":["GET"]}}],"collection":[{"href":"https:\/\/auraliss.com\/de\/wp-json\/wp\/v2\/pages"}],"about":[{"href":"https:\/\/auraliss.com\/de\/wp-json\/wp\/v2\/types\/page"}],"author":[{"embeddable":true,"href":"https:\/\/auraliss.com\/de\/wp-json\/wp\/v2\/users\/1"}],"replies":[{"embeddable":true,"href":"https:\/\/auraliss.com\/de\/wp-json\/wp\/v2\/comments?post=14527"}],"version-history":[{"count":1,"href":"https:\/\/auraliss.com\/de\/wp-json\/wp\/v2\/pages\/14527\/revisions"}],"predecessor-version":[{"id":14528,"href":"https:\/\/auraliss.com\/de\/wp-json\/wp\/v2\/pages\/14527\/revisions\/14528"}],"wp:attachment":[{"href":"https:\/\/auraliss.com\/de\/wp-json\/wp\/v2\/media?parent=14527"}],"curies":[{"name":"wp","href":"https:\/\/api.w.org\/{rel}","templated":true}]}}