{"id":14512,"date":"2025-11-04T08:37:13","date_gmt":"2025-11-04T08:37:13","guid":{"rendered":"https:\/\/auraliss.com\/zahnbehandlungspakete\/"},"modified":"2026-05-07T13:06:05","modified_gmt":"2026-05-07T13:06:05","slug":"zahnbehandlungspakete","status":"publish","type":"page","link":"https:\/\/auraliss.com\/de\/zahnbehandlungspakete\/","title":{"rendered":"Zahnbehandlungspakete"},"content":{"rendered":"\t\t<div data-elementor-type=\"wp-page\" data-elementor-id=\"14512\" class=\"elementor elementor-14512 elementor-14170\" data-elementor-post-type=\"page\">\n\t\t\t\t<div class=\"elementor-element elementor-element-330fd14 e-flex e-con-boxed rt-parallax-bg-no e-con e-parent\" data-id=\"330fd14\" data-element_type=\"container\" data-e-type=\"container\">\n\t\t\t\t\t<div class=\"e-con-inner\">\n\t\t\t\t<div class=\"elementor-element elementor-element-d1443ee elementor-widget elementor-widget-html\" data-id=\"d1443ee\" data-element_type=\"widget\" data-e-type=\"widget\" data-widget_type=\"html.default\">\n\t\t\t\t\t<style>\r\n.dental-comingsoon {\r\n  font-family: 'Poppins', sans-serif;\r\n  background: linear-gradient(135deg, #f8f9fa, #e3f2fd);\r\n  color: #333;\r\n  text-align: center;\r\n  padding: 100px 20px;\r\n  border-radius: 10px;\r\n  box-shadow: 0 10px 25px rgba(0,0,0,0.05);\r\n}\r\n.dental-comingsoon img {\r\n  max-width: 180px;\r\n  margin-bottom: 30px;\r\n}\r\n.dental-comingsoon h1 {\r\n  font-size: 36px;\r\n  font-weight: 600;\r\n  margin-bottom: 15px;\r\n  color: #004aad;\r\n}\r\n.dental-comingsoon p {\r\n  font-size: 18px;\r\n  color: #555;\r\n  margin-bottom: 30px;\r\n}\r\n.dental-comingsoon .note {\r\n  font-size: 15px;\r\n  color: #888;\r\n  margin-top: 20px;\r\n}\r\n<\/style>\r\n\r\n<div class=\"dental-comingsoon\">\r\n  <img decoding=\"async\" src=\"https:\/\/auraliss.com\/wp-content\/uploads\/2025\/10\/logo2.png\" alt=\"Auraliss Logo\" title=\"\">\r\n  <h2>Zahnbehandlungs-Pakete in Vorbereitung<\/h2>\r\n  <p>Wir erstellen etwas Sch\u00f6nes f\u00fcr Ihr L\u00e4cheln.  \r\n  Unsere exklusiven Zahnbehandlungs-Pakete werden bald verf\u00fcgbar sein.<\/p>\r\n  <p class=\"note\">Bleiben Sie dran \u2014 Exzellenz braucht Zeit.<\/p>\r\n<\/div>\r\n\t\t\t\t<\/div>\n\t\t\t\t\t<\/div>\n\t\t\t\t<\/div>\n\t\t\t\t<\/div>\n\t\t","protected":false},"excerpt":{"rendered":"<p>Zahnbehandlungs-Pakete in Vorbereitung Wir erstellen etwas Sch\u00f6nes f\u00fcr Ihr L\u00e4cheln. Unsere exklusiven Zahnbehandlungs-Pakete werden bald verf\u00fcgbar sein. Bleiben Sie dran \u2014 Exzellenz braucht Zeit.<\/p>\n","protected":false},"author":1,"featured_media":0,"parent":0,"menu_order":0,"comment_status":"closed","ping_status":"closed","template":"","meta":{"_acf_changed":false,"footnotes":""},"class_list":["post-14512","page","type-page","status-publish","hentry"],"acf":[],"_links":{"self":[{"href":"https:\/\/auraliss.com\/de\/wp-json\/wp\/v2\/pages\/14512","targetHints":{"allow":["GET"]}}],"collection":[{"href":"https:\/\/auraliss.com\/de\/wp-json\/wp\/v2\/pages"}],"about":[{"href":"https:\/\/auraliss.com\/de\/wp-json\/wp\/v2\/types\/page"}],"author":[{"embeddable":true,"href":"https:\/\/auraliss.com\/de\/wp-json\/wp\/v2\/users\/1"}],"replies":[{"embeddable":true,"href":"https:\/\/auraliss.com\/de\/wp-json\/wp\/v2\/comments?post=14512"}],"version-history":[{"count":9,"href":"https:\/\/auraliss.com\/de\/wp-json\/wp\/v2\/pages\/14512\/revisions"}],"predecessor-version":[{"id":17563,"href":"https:\/\/auraliss.com\/de\/wp-json\/wp\/v2\/pages\/14512\/revisions\/17563"}],"wp:attachment":[{"href":"https:\/\/auraliss.com\/de\/wp-json\/wp\/v2\/media?parent=14512"}],"curies":[{"name":"wp","href":"https:\/\/api.w.org\/{rel}","templated":true}]}}