{"id":14494,"date":"2025-11-02T09:41:40","date_gmt":"2025-11-02T09:41:40","guid":{"rendered":"https:\/\/auraliss.com\/?page_id=14494"},"modified":"2025-11-05T11:11:25","modified_gmt":"2025-11-05T11:11:25","slug":"zertifikate","status":"publish","type":"page","link":"https:\/\/auraliss.com\/de\/zertifikate\/","title":{"rendered":"Zertifikate"},"content":{"rendered":"\t\t<div data-elementor-type=\"wp-page\" data-elementor-id=\"14494\" class=\"elementor elementor-14494 elementor-13764\" data-elementor-post-type=\"page\">\n\t\t\t\t<div class=\"elementor-element elementor-element-4ffab9d e-flex e-con-boxed rt-parallax-bg-no e-con e-parent\" data-id=\"4ffab9d\" data-element_type=\"container\" data-e-type=\"container\">\n\t\t\t\t\t<div class=\"e-con-inner\">\n\t\t\t\t<div class=\"elementor-element elementor-element-1d3a313 elementor-widget elementor-widget-html\" data-id=\"1d3a313\" data-element_type=\"widget\" data-e-type=\"widget\" data-widget_type=\"html.default\">\n\t\t\t\t\t<section class=\"certificates-section\">\r\n  <div class=\"container\">\r\n    <h2 class=\"section-title\">\r\n      UNSERE INTERNATIONALEN <span class=\"gradient-text\">ZERTIFIZIERUNGEN<\/span>\r\n    <\/h2>\r\n    <p class=\"intro\">\r\n      Durch unsere Partnerschaft mit Attelia Oral & Dental Hospitals verbessern wir kontinuierlich unser Engagement f\u00fcr hochwertige Behandlungen und absolvieren regelm\u00e4\u00dfig internationale Qualit\u00e4tspr\u00fcfungen mit Erfolg.\r\n    <\/p>\r\n    <p class=\"intro\">\r\n      Dank dieser Zusammenarbeit profitieren wir von zahlreichen Zertifikaten mit hoher internationaler G\u00fcltigkeit und Anerkennung. Diese Auszeichnungen sichern unsere Servicequalit\u00e4t und Professionalit\u00e4t und erm\u00f6glichen es uns, unseren Patienten in jeder Phase die bestm\u00f6gliche Erfahrung zu bieten.\r\n    <\/p>\r\n    <p class=\"intro\">\r\n      <strong>Healthcare Quality Standards (SKS) \u2013 Punktzahl: 93,83 \/ 100 (Inspektion 2025)<\/strong><br>\r\n      Durch die Wiederholung des Erfolgs des Vorjahres erzielte unser Partner Attelia erneut ein bemerkenswertes Ergebnis mit einer Punktzahl von 93,83 von 100 bei der SKS-Inspektion, die vom t\u00fcrkischen Gesundheitsministerium \u00e4u\u00dferst sorgf\u00e4ltig und detailliert durchgef\u00fchrt wurde.\r\n    <\/p>\r\n    <p class=\"intro\">\r\n      SKS ist ein Qualit\u00e4tsmanagementsystem, das kritische Bereiche wie Patientensicherheit, OP-Inspektionen, Abfallmanagement, Labordienste, Infektionskontrolle, Geb\u00e4udeverwaltung, Patienten\u00fcberwachung, Desinfektion und Qualit\u00e4tsmanagement eingehend bewertet und standardisiert. Das hohe Ergebnis dieser strengen Pr\u00fcfung zeigt eindeutig einen patientenzentrierten Ansatz, Sicherheitsbewusstsein und Engagement f\u00fcr Qualit\u00e4t.\r\n    <\/p>\r\n    <p class=\"intro\">\r\n      Dieser Erfolg ist mehr als nur eine Punktzahl \u2013 er ist ein Beweis f\u00fcr das Vertrauen, den Komfort und die Professionalit\u00e4t, von denen unsere Patienten durch die Partnerschaft mit Attelia profitieren.\r\n    <\/p>\r\n\r\n    <!-- GLP Certificate -->\r\n    <div class=\"cert-item\">\r\n      <div class=\"cert-img\"><img decoding=\"async\" src=\"http:\/\/auraliss.com\/wp-content\/uploads\/2025\/11\/IDS.GLP_.2024.19507-ZELANTALYAD-GLPCERTIFICATE-signed-1-.webp\" alt=\"GLP Certificate\" title=\"\"><\/div>\r\n      <div class=\"cert-text\">\r\n        <h3>GLP (Good Laboratory Practices)<\/h3>\r\n        <p>GLP ist ein Qualit\u00e4tsmanagementstandard, der entwickelt wurde, um die Genauigkeit, Zuverl\u00e4ssigkeit und Wiederholbarkeit von Labortests sicherzustellen. Er gew\u00e4hrleistet hohe Qualit\u00e4tsprotokolle, regelt die Kompetenz des Personals und schreibt die Kalibrierung der Ger\u00e4te vor \u2013 was zuverl\u00e4ssige Testergebnisse insbesondere in gesundheits- und sicherheitskritischen Bereichen garantiert.<\/p>\r\n        <p>Im Gesundheitstourismus best\u00e4tigt die GLP-Zertifizierung, dass alle Labortests gem\u00e4\u00df internationalen Qualit\u00e4tskriterien durchgef\u00fchrt werden \u2013 unter Gew\u00e4hrleistung von Genauigkeit, Transparenz und Patientensicherheit.<\/p>\r\n        <p>Unser Partner Attelia besitzt eine GLP-Zertifizierung; alle internen Laborprozesse entsprechen internationalen Standards.<\/p>\r\n      <\/div>\r\n    <\/div>\r\n\r\n    <!-- ISO 9001 Certificate -->\r\n    <div class=\"cert-item reverse\">\r\n      <div class=\"cert-img\"><img decoding=\"async\" src=\"http:\/\/auraliss.com\/wp-content\/uploads\/2025\/11\/ZEL-ANTALYA-HALK-D-SALII-9001.webp\" alt=\"ISO 9001 Certificate\" title=\"\"><\/div>\r\n      <div class=\"cert-text\">\r\n        <h3>ISO 9001 Qualit\u00e4tsmanagementsysteme<\/h3>\r\n        <p>ISO 9001 ist der weltweit bekannteste Standard f\u00fcr Qualit\u00e4tsmanagementsysteme und wurde entwickelt, um Organisationen bei der kontinuierlichen Verbesserung ihrer Prozesse und der Steigerung der Kundenzufriedenheit zu unterst\u00fctzen.<\/p>\r\n        <p>Das Partnerkrankenhaus Attelia arbeitet nach ISO 9001; dies gew\u00e4hrleistet eine gleichbleibend hohe Servicequalit\u00e4t, effiziente Abl\u00e4ufe und eine Kultur der kontinuierlichen Verbesserung, von der unsere Patienten profitieren.<\/p>\r\n      <\/div>\r\n    <\/div>\r\n\r\n    <!-- ISO 22525 Certificate -->\r\n    <div class=\"cert-item\">\r\n      <div class=\"cert-img\"><img decoding=\"async\" src=\"http:\/\/auraliss.com\/wp-content\/uploads\/2025\/11\/ZEL-ANTALYA-HALK-D-SALII-22525.webp\" alt=\"ISO 22525 Certificate\" title=\"\"><\/div>\r\n      <div class=\"cert-text\">\r\n        <h3>ISO 22525 Medizintourismus<\/h3>\r\n        <p>ISO 22525 gew\u00e4hrleistet hohe Qualit\u00e4t und Patientensicherheit im gesamten Bereich des Medizintourismus \u2013 einschlie\u00dflich Behandlung, Unterkunft und Transport \u2013 mit klaren Kriterien, die Zufriedenheit und Vertraulichkeit betonen.<\/p>\r\n        <p>Unser Partner Attelia ist nach ISO 22525 zertifiziert; Patienten erhalten zuverl\u00e4ssige, ethische und transparente Betreuung von Anfang bis Ende.<\/p>\r\n      <\/div>\r\n    <\/div>\r\n\r\n    <!-- ISO 10002 Certificate -->\r\n    <div class=\"cert-item reverse\">\r\n      <div class=\"cert-img\"><img decoding=\"async\" src=\"http:\/\/auraliss.com\/wp-content\/uploads\/2025\/11\/ZEL-ANTALYA-HALK-D-SALII-10002.webp\" alt=\"ISO 10002 Certificate\" title=\"\"><\/div>\r\n      <div class=\"cert-text\">\r\n        <h3>ISO 10002 Kundenzufriedenheit<\/h3>\r\n        <p>ISO 10002 konzentriert sich auf die Verbesserung der Prozesse im Umgang mit Kundenfeedback und bietet ein Rahmenwerk zur effektiven Bewertung von R\u00fcckmeldungen, um Zufriedenheit sicherzustellen.<\/p>\r\n        <p>Sie f\u00f6rdert eine schnelle, faire und transparente Bearbeitung von Patientenanliegen \u2013 st\u00e4rkt Beziehungen und etabliert eine Kultur der kontinuierlichen Verbesserung. Mit der ISO 10002-Zertifizierung unseres Partners Attelia werden Bed\u00fcrfnisse professionell behandelt und Zufriedenheit stets priorisiert.<\/p>\r\n      <\/div>\r\n    <\/div>\r\n\r\n    <!-- ISO 45001 Certificate -->\r\n    <div class=\"cert-item\">\r\n      <div class=\"cert-img\"><img decoding=\"async\" src=\"http:\/\/auraliss.com\/wp-content\/uploads\/2025\/11\/ZEL-ANTALYA-HALK-D-SALII-45001.webp\" alt=\"ISO 45001 Certificate\" title=\"\"><\/div>\r\n      <div class=\"cert-text\">\r\n        <h3>ISO 45001 Arbeits- und Gesundheitsschutz<\/h3>\r\n        <p>ISO 45001 definiert Verfahren zur Gew\u00e4hrleistung eines sicheren Arbeitsplatzes und zur Minimierung von Risiken \u2013 basierend auf international anerkannten Best Practices.<\/p>\r\n        <p>Attelia ist nach ISO 45001 zertifiziert; dies sch\u00fctzt sowohl Mitarbeiter als auch Patienten w\u00e4hrend des gesamten Behandlungsprozesses.<\/p>\r\n      <\/div>\r\n    <\/div>\r\n\r\n    <!-- ISO\/IEC 27001 Certificate -->\r\n    <div class=\"cert-item reverse\">\r\n      <div class=\"cert-img\"><img decoding=\"async\" src=\"http:\/\/auraliss.com\/wp-content\/uploads\/2025\/11\/ZEL-ANTALYA-HALK-D-SALII-27001.webp\" alt=\"ISO\/IEC 27001 Certificate\" title=\"\"><\/div>\r\n      <div class=\"cert-text\">\r\n        <h3>ISO\/IEC 27001 Informationssicherheit<\/h3>\r\n        <p>ISO\/IEC 27001 legt die erforderlichen Sicherheitsverfahren und -kontrollen zum Schutz von Informationswerten fest \u2013 insbesondere sensibler Patientendaten \u2013 und gew\u00e4hrleistet Vertraulichkeit, Integrit\u00e4t und Verf\u00fcgbarkeit bei Speicherung, Verarbeitung und Weitergabe.<\/p>\r\n        <p>Attelia erf\u00fcllt die Anforderungen der ISO\/IEC 27001; Patienten profitieren von einem robusten Datenschutz gem\u00e4\u00df internationalen Standards.<\/p>\r\n      <\/div>\r\n    <\/div>\r\n\r\n    <!-- ISO 14001 Certificate -->\r\n    <div class=\"cert-item\">\r\n      <div class=\"cert-img\"><img decoding=\"async\" src=\"http:\/\/auraliss.com\/wp-content\/uploads\/2025\/11\/ZEL-ANTALYA-HALK-D-SALII-14001.webp\" alt=\"ISO 14001 Certificate\" title=\"\"><\/div>\r\n      <div class=\"cert-text\">\r\n        <h3>ISO 14001 Umweltmanagement<\/h3>\r\n        <p>ISO 14001 wurde f\u00fcr Umweltmanagementsysteme entwickelt \u2013 sie hilft Organisationen, Verfahren zur Minimierung von Umweltauswirkungen zu etablieren, den Energieverbrauch zu senken, das Abfallmanagement zu verbessern und nachhaltige Praktiken zu f\u00f6rdern.<\/p>\r\n        <p>Unser Partner Attelia ist nach ISO 14001 zertifiziert, was einen reduzierten \u00f6kologischen Fu\u00dfabdruck und betriebliches Handeln im Einklang mit internationalen Umweltstandards best\u00e4tigt.<\/p>\r\n      <\/div>\r\n    <\/div>\r\n\r\n    <!-- Additional Certificates -->\r\n    <div class=\"other-certs\">\r\n      <h3>Weitere Zertifikate<\/h3>\r\n      <ul>\r\n        <li>EMA-Zertifikat<\/li>\r\n        <li>FDI 2013 Istanbul 101st Annual World Dental Congress \u2013 Teilnahmezertifikat 2019<\/li>\r\n        <li>Mehmet \u0130\u015flek \u2013 Soft Tissue Management of Aesthetic Cases \u2013 Teilnahmezertifikat<\/li>\r\n        <li>The Academy of Dental and Medical Aesthetic \u2013 Teilnahmezertifikat<\/li>\r\n        <li>Bio Horizons \u2013 Teilnahmezertifikat<\/li>\r\n        <li>Zertifikat Internationales Fortbildungszentrum f\u00fcr Zahn\u00e4rztliche Implantologie<\/li>\r\n        <li>Computer Aided Implantology Academy \u2013 Teilnahmezertifikat<\/li>\r\n        <li>Sirona Dental Academy \u2013 Zertifikat<\/li>\r\n        <li>European Prosthodontic Association 28th Annual Conference \u2013 Teilnahmezertifikat<\/li>\r\n      <\/ul>\r\n    <\/div>\r\n  <\/div>\r\n<\/section>\r\n\t\t\t\t<\/div>\n\t\t\t\t\t<\/div>\n\t\t\t\t<\/div>\n\t\t\t\t<\/div>\n\t\t","protected":false},"excerpt":{"rendered":"<p>UNSERE INTERNATIONALEN ZERTIFIZIERUNGEN Durch unsere Partnerschaft mit Attelia Oral &#038; Dental Hospitals verbessern wir kontinuierlich unser Engagement f\u00fcr hochwertige Behandlungen und absolvieren regelm\u00e4\u00dfig internationale Qualit\u00e4tspr\u00fcfungen mit Erfolg. Dank dieser Zusammenarbeit profitieren wir von zahlreichen Zertifikaten mit hoher internationaler G\u00fcltigkeit und Anerkennung. Diese Auszeichnungen sichern unsere Servicequalit\u00e4t und Professionalit\u00e4t und erm\u00f6glichen es uns, unseren Patienten in [&hellip;]<\/p>\n","protected":false},"author":1,"featured_media":0,"parent":0,"menu_order":0,"comment_status":"closed","ping_status":"closed","template":"elementor_header_footer","meta":{"_acf_changed":false,"footnotes":""},"class_list":["post-14494","page","type-page","status-publish","hentry"],"acf":[],"_links":{"self":[{"href":"https:\/\/auraliss.com\/de\/wp-json\/wp\/v2\/pages\/14494","targetHints":{"allow":["GET"]}}],"collection":[{"href":"https:\/\/auraliss.com\/de\/wp-json\/wp\/v2\/pages"}],"about":[{"href":"https:\/\/auraliss.com\/de\/wp-json\/wp\/v2\/types\/page"}],"author":[{"embeddable":true,"href":"https:\/\/auraliss.com\/de\/wp-json\/wp\/v2\/users\/1"}],"replies":[{"embeddable":true,"href":"https:\/\/auraliss.com\/de\/wp-json\/wp\/v2\/comments?post=14494"}],"version-history":[{"count":3,"href":"https:\/\/auraliss.com\/de\/wp-json\/wp\/v2\/pages\/14494\/revisions"}],"predecessor-version":[{"id":14497,"href":"https:\/\/auraliss.com\/de\/wp-json\/wp\/v2\/pages\/14494\/revisions\/14497"}],"wp:attachment":[{"href":"https:\/\/auraliss.com\/de\/wp-json\/wp\/v2\/media?parent=14494"}],"curies":[{"name":"wp","href":"https:\/\/api.w.org\/{rel}","templated":true}]}}