{"id":14471,"date":"2025-08-28T11:53:55","date_gmt":"2025-08-28T11:53:55","guid":{"rendered":"https:\/\/auraliss.com\/termin\/"},"modified":"2026-04-20T13:21:55","modified_gmt":"2026-04-20T13:21:55","slug":"termin","status":"publish","type":"page","link":"https:\/\/auraliss.com\/de\/termin\/","title":{"rendered":"Termin"},"content":{"rendered":"\t\t<div data-elementor-type=\"wp-page\" data-elementor-id=\"14471\" class=\"elementor elementor-14471 elementor-11621\" data-elementor-post-type=\"page\">\n\t\t\t\t<div class=\"elementor-element elementor-element-a15bf30 e-flex e-con-boxed rt-parallax-bg-no e-con e-parent\" data-id=\"a15bf30\" data-element_type=\"container\" data-e-type=\"container\">\n\t\t\t\t\t<div class=\"e-con-inner\">\n\t\t<div class=\"elementor-element elementor-element-444736c e-con-full e-flex rt-parallax-bg-no e-con e-child\" data-id=\"444736c\" data-element_type=\"container\" data-e-type=\"container\">\n\t\t<div class=\"elementor-element elementor-element-7fe3ede e-con-full e-flex rt-parallax-bg-no e-con e-child\" data-id=\"7fe3ede\" data-element_type=\"container\" data-e-type=\"container\">\n\t\t<div class=\"elementor-element elementor-element-1affa01 e-con-full e-flex rt-parallax-bg-no e-con e-child\" data-id=\"1affa01\" data-element_type=\"container\" data-e-type=\"container\">\n\t\t\t\t<div class=\"elementor-element elementor-element-cec9b93 elementor-invisible elementor-widget elementor-widget-rt-title\" data-id=\"cec9b93\" data-element_type=\"widget\" data-e-type=\"widget\" data-widget_type=\"rt-title.default\">\n\t\t\t\t<div class=\"elementor-widget-container\">\n\t\t\t\t\t<div class=\"section-title-wrapper \">\r\n\t<div class=\"title-inner-wrapper ah-headline\">\r\n        \t\t<!--Top Sub Title-->\r\n\t\t\r\n\t\t<!--Main Title-->\r\n\t\t        <div class=\"wow-off fadeInUp\" data-wow-delay=\"400ms\" data-wow-duration=\"1200ms\">\r\n            <h2 class=\"main-title title-gradient-animation no no middle center\">Buchen Sie Ihren Termin bei Auraliss                            <\/h2>\r\n        <\/div>\r\n        \r\n        <!--Description-->\r\n                    <div class=\"description wow-off fadeInUp\" data-wow-delay=\"600ms\" data-wow-duration=\"1200ms\"><p>Vereinbaren Sie Ihre Beratung ganz einfach. F\u00fcllen Sie das untenstehende Formular aus, und unser Team wird Ihren Termin best\u00e4tigen und Sie durch die n\u00e4chsten Schritte auf dem Weg zu Ihrem neuen L\u00e4cheln f\u00fchren.<\/p><\/div>\r\n        \r\n\t        <\/div>\r\n<\/div>\t\t\t\t<\/div>\n\t\t\t\t<\/div>\n\t\t\t\t<div class=\"elementor-element elementor-element-9067be8 elementor-button-align-center elementor-widget elementor-widget-form\" data-id=\"9067be8\" data-element_type=\"widget\" data-e-type=\"widget\" data-settings=\"{&quot;step_next_label&quot;:&quot;Next&quot;,&quot;step_previous_label&quot;:&quot;Previous&quot;,&quot;button_width&quot;:&quot;100&quot;,&quot;step_type&quot;:&quot;number_text&quot;,&quot;step_icon_shape&quot;:&quot;circle&quot;}\" data-widget_type=\"form.default\">\n\t\t\t\t\t\t\t<form class=\"elementor-form\" method=\"post\" name=\"New Form\" aria-label=\"New Form\">\n\t\t\t<input type=\"hidden\" name=\"post_id\" value=\"14471\"\/>\n\t\t\t<input type=\"hidden\" name=\"form_id\" value=\"9067be8\"\/>\n\t\t\t<input type=\"hidden\" name=\"referer_title\" value=\"Termin - Auraliss Health\" \/>\n\n\t\t\t\t\t\t\t<input type=\"hidden\" name=\"queried_id\" value=\"14471\"\/>\n\t\t\t\n\t\t\t<div class=\"elementor-form-fields-wrapper elementor-labels-above\">\n\t\t\t\t\t\t\t\t<div class=\"elementor-field-type-text elementor-field-group elementor-column elementor-field-group-name elementor-col-100 elementor-field-required\">\n\t\t\t\t\t\t\t\t\t\t\t\t\t<input size=\"1\" type=\"text\" name=\"form_fields[name]\" id=\"form-field-name\" class=\"elementor-field elementor-size-sm  elementor-field-textual\" placeholder=\"Name and Surname\" required=\"required\">\n\t\t\t\t\t\t\t\t\t\t\t<\/div>\n\t\t\t\t\t\t\t\t<div class=\"elementor-field-type-tel elementor-field-group elementor-column elementor-field-group-phone elementor-col-100 elementor-field-required\">\n\t\t\t\t\t<span class=\"ccfef-editor-intl-input\" data-id=\"form-field-phone\" data-field-id=\"63ebbb7\" data-default-country=\"TR\" data-include-countries=\"us,ca,gb,ie,fr,de,es,it,pt,be,nl,ch,at,lu,se,no,dk,fi,is,pl,cz,sk,hu,ro,bg,si,hr,rs,ba,me,mk,al,lt,lv,ee,gr,cy,mt,ru,ua,by,tr\" data-exclude-countries=\"af,pk\" data-dial-code-visibility=\"show\" data-strict-mode=\"no\" style=\"display: none;\"><\/span>\t\t<input size=\"1\" type=\"tel\" name=\"form_fields[phone]\" id=\"form-field-phone\" class=\"elementor-field elementor-size-sm  elementor-field-textual\" placeholder=\"Phone\" required=\"required\" pattern=\"[0-9()#&amp;+*-=.]+\" title=\"Nur Nummern oder Telefon-Zeichen (#, -, *, etc) werden akzeptiert.\">\n\n\t\t\t\t\t\t<\/div>\n\t\t\t\t\t\t\t\t<div class=\"elementor-field-type-email elementor-field-group elementor-column elementor-field-group-email elementor-col-100 elementor-field-required\">\n\t\t\t\t\t\t\t\t\t\t\t\t\t<input size=\"1\" type=\"email\" name=\"form_fields[email]\" id=\"form-field-email\" class=\"elementor-field elementor-size-sm  elementor-field-textual\" placeholder=\"Email\" required=\"required\">\n\t\t\t\t\t\t\t\t\t\t\t<\/div>\n\t\t\t\t\t\t\t\t<div class=\"elementor-field-type-select elementor-field-group elementor-column elementor-field-group-selecttreatment elementor-col-100\">\n\t\t\t\t\t\t\t<div class=\"elementor-field elementor-select-wrapper remove-before \">\n\t\t\t<div class=\"select-caret-down-wrapper\">\n\t\t\t\t<i aria-hidden=\"true\" class=\"eicon-caret-down\"><\/i>\t\t\t<\/div>\n\t\t\t<select name=\"form_fields[selecttreatment]\" id=\"form-field-selecttreatment\" class=\"elementor-field-textual elementor-size-sm\">\n\t\t\t\t\t\t\t\t\t<option value=\"--Select the Treatments--\">--Select the Treatments--<\/option>\n\t\t\t\t\t\t\t\t\t<option value=\"Dental Implants\">Dental Implants<\/option>\n\t\t\t\t\t\t\t\t\t<option value=\"Smile Makeover\">Smile Makeover<\/option>\n\t\t\t\t\t\t\t\t\t<option value=\"All-on-4\">All-on-4<\/option>\n\t\t\t\t\t\t\t\t\t<option value=\"All-on-6\">All-on-6<\/option>\n\t\t\t\t\t\t\t\t\t<option value=\"Gummy Smile\">Gummy Smile<\/option>\n\t\t\t\t\t\t\t\t\t<option value=\"Dental Crowns\">Dental Crowns<\/option>\n\t\t\t\t\t\t\t\t\t<option value=\"Laminate Veneers\">Laminate Veneers<\/option>\n\t\t\t\t\t\t\t\t\t<option value=\"Other\">Other<\/option>\n\t\t\t\t\t\t\t<\/select>\n\t\t<\/div>\n\t\t\t\t\t\t<\/div>\n\t\t\t\t\t\t\t\t<div class=\"elementor-field-group elementor-column elementor-field-type-submit elementor-col-100 e-form__buttons\">\n\t\t\t\t\t<button class=\"elementor-button elementor-size-md\" type=\"submit\">\n\t\t\t\t\t\t<span class=\"elementor-button-content-wrapper\">\n\t\t\t\t\t\t\t\t\t\t\t\t\t\t\t\t\t\t\t\t\t\t<span class=\"elementor-button-text\">SEND FORM<\/span>\n\t\t\t\t\t\t\t\t\t\t\t\t\t<\/span>\n\t\t\t\t\t<\/button>\n\t\t\t\t<\/div>\n\t\t\t<\/div>\n\t\t<\/form>\n\t\t\t\t\t\t<\/div>\n\t\t\t\t<\/div>\n\t\t<div class=\"elementor-element elementor-element-4fc2cfe e-con-full e-flex rt-parallax-bg-no e-con e-child\" data-id=\"4fc2cfe\" data-element_type=\"container\" data-e-type=\"container\">\n\t\t\t\t<div class=\"elementor-element elementor-element-20b1213 elementor-widget elementor-widget-text-editor\" data-id=\"20b1213\" data-element_type=\"widget\" data-e-type=\"widget\" data-widget_type=\"text-editor.default\">\n\t\t\t\t\t\t\t\t\t<h2>Fr\u00fchlingsangebot \u2013 SPAREN SIE BIS ZU 20 %<\/h2>\t\t\t\t\t\t\t\t<\/div>\n\t\t\t\t<div class=\"elementor-element elementor-element-b4ddfbb elementor-widget elementor-widget-image\" data-id=\"b4ddfbb\" data-element_type=\"widget\" data-e-type=\"widget\" data-widget_type=\"image.default\">\n\t\t\t\t\t\t\t\t\t\t\t\t\t\t\t\t<a href=\"https:\/\/auraliss.com\/wp-content\/uploads\/2026\/04\/spring-campaign.webp\" data-elementor-open-lightbox=\"yes\" data-elementor-lightbox-title=\"Spring Offer SAVE UP TO 20%\" data-e-action-hash=\"#elementor-action%3Aaction%3Dlightbox%26settings%3DeyJpZCI6MTczMTYsInVybCI6Imh0dHBzOlwvXC9hdXJhbGlzcy5jb21cL3dwLWNvbnRlbnRcL3VwbG9hZHNcLzIwMjZcLzA0XC9zcHJpbmctY2FtcGFpZ24ud2VicCJ9\">\n\t\t\t\t\t\t\t<img fetchpriority=\"high\" decoding=\"async\" width=\"1024\" height=\"683\" src=\"https:\/\/auraliss.com\/wp-content\/uploads\/2026\/04\/spring-campaign-1024x683.webp\" class=\"attachment-large size-large wp-image-17316\" alt=\"\" srcset=\"https:\/\/auraliss.com\/wp-content\/uploads\/2026\/04\/spring-campaign-1024x683.webp 1024w, https:\/\/auraliss.com\/wp-content\/uploads\/2026\/04\/spring-campaign-300x200.webp 300w, https:\/\/auraliss.com\/wp-content\/uploads\/2026\/04\/spring-campaign-768x512.webp 768w, https:\/\/auraliss.com\/wp-content\/uploads\/2026\/04\/spring-campaign.webp 1368w\" sizes=\"(max-width: 1024px) 100vw, 1024px\" title=\"\">\t\t\t\t\t\t\t\t<\/a>\n\t\t\t\t\t\t\t\t\t\t\t\t\t\t\t<\/div>\n\t\t\t\t<\/div>\n\t\t<div class=\"elementor-element elementor-element-75c70d4 e-con-full e-flex rt-parallax-bg-no e-con e-child\" data-id=\"75c70d4\" data-element_type=\"container\" data-e-type=\"container\">\n\t\t\t\t<div class=\"elementor-element elementor-element-3b19092 elementor-widget elementor-widget-text-editor\" data-id=\"3b19092\" data-element_type=\"widget\" data-e-type=\"widget\" data-widget_type=\"text-editor.default\">\n\t\t\t\t\t\t\t\t\t<h2>Exklusive internationale Beratungstermine<\/h2>  \nNehmen Sie an unseren privaten Beratungsterminen in ganz Europa teil und erhalten Sie vor Ihrer Zahnbehandlung eine individuelle Behandlungsbewertung.\n\t\t\t\t\t\t\t\t<\/div>\n\t\t\t\t<div class=\"elementor-element elementor-element-3bd8eb2 elementor-invisible elementor-widget elementor-widget-rt-project\" data-id=\"3bd8eb2\" data-element_type=\"widget\" data-e-type=\"widget\" data-widget_type=\"rt-project.default\">\n\t\t\t\t<div class=\"elementor-widget-container\">\n\t\t\t\t\t<div class=\"rt-project-default rt-project-multi-layout-4 project-grid-layout-11\">\r\n    <div class=\"rt-swiper-slider default\" data-xld =\"{&quot;slidesPerView&quot;:2,&quot;loop&quot;:true,&quot;spaceBetween&quot;:24,&quot;slidesPerGroup&quot;:1,&quot;centeredSlides&quot;:false,&quot;slideToClickedSlide&quot;:true,&quot;autoplay&quot;:{&quot;delay&quot;:5000},&quot;speed&quot;:1000,&quot;breakpoints&quot;:{&quot;0&quot;:{&quot;slidesPerView&quot;:1},&quot;425&quot;:{&quot;slidesPerView&quot;:&quot;1&quot;},&quot;576&quot;:{&quot;slidesPerView&quot;:&quot;2&quot;},&quot;768&quot;:{&quot;slidesPerView&quot;:&quot;2&quot;},&quot;992&quot;:{&quot;slidesPerView&quot;:&quot;3&quot;},&quot;1200&quot;:{&quot;slidesPerView&quot;:&quot;3&quot;},&quot;1600&quot;:{&quot;slidesPerView&quot;:&quot;3&quot;}},&quot;auto&quot;:true}\">\r\n        <div class=\"swiper-wrapper\">\r\n\t\t                <div class=\"swiper-slide\">\r\n                    <div class=\"project-item wow-off fadeInUp\" data-wow-delay=\"200ms\" data-wow-duration=\"1200ms\">\r\n                        <div class=\"project-thumbs \">\r\n\t                        \t\t<div class=\"post-thumbnail-wrap\">\r\n\r\n\t\t\t\t\t<figure class=\"post-thumbnail\">\r\n\t\t\t\t<a class=\"post-thumb-link alignwide\" href=\"https:\/\/auraliss.com\/de\/event\/free-dental-consultation-in-stuttgart\/\" aria-hidden=\"true\" tabindex=\"-1\"><img decoding=\"async\" width=\"1080\" height=\"1080\" src=\"https:\/\/auraliss.com\/wp-content\/uploads\/2026\/03\/Kostenlose-Zahnberatung-in-Stuttgart-1.webp\" class=\"attachment-1536x1536 size-1536x1536 wp-post-image\" alt=\"\" srcset=\"https:\/\/auraliss.com\/wp-content\/uploads\/2026\/03\/Kostenlose-Zahnberatung-in-Stuttgart-1.webp 1080w, https:\/\/auraliss.com\/wp-content\/uploads\/2026\/03\/Kostenlose-Zahnberatung-in-Stuttgart-1-300x300.webp 300w, https:\/\/auraliss.com\/wp-content\/uploads\/2026\/03\/Kostenlose-Zahnberatung-in-Stuttgart-1-1024x1024.webp 1024w, https:\/\/auraliss.com\/wp-content\/uploads\/2026\/03\/Kostenlose-Zahnberatung-in-Stuttgart-1-150x150.webp 150w, https:\/\/auraliss.com\/wp-content\/uploads\/2026\/03\/Kostenlose-Zahnberatung-in-Stuttgart-1-768x768.webp 768w, https:\/\/auraliss.com\/wp-content\/uploads\/2026\/03\/Kostenlose-Zahnberatung-in-Stuttgart-1-600x600.webp 600w\" sizes=\"(max-width: 1080px) 100vw, 1080px\" title=\"\"><\/a>\r\n\t\t\t<\/figure><!-- .post-thumbnail -->\r\n\r\n\t\t\t\t\t\r\n\t\t<\/div>\r\n\t\t                        <\/div>\r\n                        <div class=\"project-content d-flex justify-content-between\">\r\n                            <div class=\"project-info\">\r\n                                <h3 class=\"project-title\"><a href=\"https:\/\/auraliss.com\/de\/event\/free-dental-consultation-in-stuttgart\/\">Kostenlose Beratung f\u00fcr Ihre Zahnbehandlung in der T\u00fcrkei \u2013 Stuttgart<\/a><\/h3>\r\n\t\t\t\t                                            <\/div>\r\n\r\n\t                                                <\/div>\r\n                    <\/div>\r\n                <\/div>\r\n            \t\t    <\/div>\r\n\t        <div class=\"swiper-navigation\">\r\n            <div class=\"swiper-button swiper-button-prev\"><i class=\"icon-rt-left-arrow\"><\/i><\/div>\r\n            <div class=\"swiper-button swiper-button-next\"><i class=\"icon-rt-right-arrow\"><\/i><\/div>\r\n        <\/div>\r\n\t\t<\/div>\r\n<\/div>\t\t\t\t<\/div>\n\t\t\t\t<\/div>\n\t\t\t\t<\/div>\n\t\t\t\t<\/div>\n\t\t<div class=\"elementor-element elementor-element-bc01c4b e-con-full sidebar-sticky e-flex rt-parallax-bg-no e-con e-child\" data-id=\"bc01c4b\" data-element_type=\"container\" data-e-type=\"container\">\n\t\t\t\t<div class=\"elementor-element elementor-element-cb1cc1f elementor-widget elementor-widget-html\" data-id=\"cb1cc1f\" data-element_type=\"widget\" data-e-type=\"widget\" data-widget_type=\"html.default\">\n\t\t\t\t\t<link\r\n  rel=\"stylesheet\"\r\n  href=\"https:\/\/cdnjs.cloudflare.com\/ajax\/libs\/font-awesome\/5.15.4\/css\/all.min.css\"\r\n\/>\r\n<div class=\"appointment-sidebar\">\r\n  <h2 class=\"sidebar-title\">HOLEN SIE JETZT IHR KOSTENLOSES ANGEBOT<\/h2>\r\n\r\n  <div class=\"sidebar-step\">\r\n    <div class=\"icon-box\">\r\n      <i class=\"fa fa-envelope\"><\/i>\r\n    <\/div>\r\n    <div class=\"text-box\">\r\n      <h3>Kontaktformular<\/h3>\r\n      <p>F\u00fcllen Sie unser Kontaktformular aus, um Ihre Auraliss-Reise zu beginnen. Unser Patientenbetreuungsteam wird sich in K\u00fcrze mit Ihnen in Verbindung setzen, um Ihre Fragen zu beantworten und Sie durch die ersten Schritte zu f\u00fchren.<\/p>\r\n    <\/div>\r\n  <\/div>\r\n\r\n  <div class=\"sidebar-step\">\r\n    <div class=\"icon-box\">\r\n      <i class=\"fa fa-notes-medical\"><\/i>\r\n    <\/div>\r\n    <div class=\"text-box\">\r\n      <h3>Behandlungsplan<\/h3>\r\n      <p>Nach der \u00dcberpr\u00fcfung Ihrer Angaben erstellen unsere Spezialisten einen individuellen Behandlungsplan \u2013 mit einer \u00dcbersicht \u00fcber Verfahren, Zeitrahmen und transparente Kosten, die auf Ihre Ziele abgestimmt sind.<\/p>\r\n    <\/div>\r\n  <\/div>\r\n\r\n  <div class=\"sidebar-step\">\r\n    <div class=\"icon-box\">\r\n      <i class=\"fa fa-star\"><\/i>\r\n    <\/div>\r\n    <div class=\"text-box\">\r\n      <h3>Unsere Empfehlungen<\/h3>\r\n      <p>Verwandeln Sie Ihren Zahnarztbesuch in ein ganzheitliches Erlebnis. Auraliss hilft Ihnen, erstklassige Zahnbehandlung mit der Sch\u00f6nheit und dem Komfort von Antalya zu verbinden \u2013 eine perfekte Kombination aus Gesundheit und Erholung.<\/p>\r\n    <\/div>\r\n  <\/div>\r\n<\/div>\r\n\t\t\t\t<\/div>\n\t\t\t\t<\/div>\n\t\t\t\t<\/div>\n\t\t\t\t\t<\/div>\n\t\t\t\t<\/div>\n\t\t\t\t<\/div>\n\t\t","protected":false},"excerpt":{"rendered":"<p>Buchen Sie Ihren Termin bei Auraliss Vereinbaren Sie Ihre Beratung ganz einfach. F\u00fcllen Sie das untenstehende Formular aus, und unser Team wird Ihren Termin best\u00e4tigen und Sie durch die n\u00e4chsten Schritte auf dem Weg zu Ihrem neuen L\u00e4cheln f\u00fchren. Fr\u00fchlingsangebot \u2013 SPAREN SIE BIS ZU 20 % Exklusive internationale Beratungstermine Nehmen Sie an unseren privaten [&hellip;]<\/p>\n","protected":false},"author":1,"featured_media":0,"parent":0,"menu_order":0,"comment_status":"closed","ping_status":"closed","template":"elementor_header_footer","meta":{"_acf_changed":false,"footnotes":""},"class_list":["post-14471","page","type-page","status-publish","hentry"],"acf":[],"_links":{"self":[{"href":"https:\/\/auraliss.com\/de\/wp-json\/wp\/v2\/pages\/14471","targetHints":{"allow":["GET"]}}],"collection":[{"href":"https:\/\/auraliss.com\/de\/wp-json\/wp\/v2\/pages"}],"about":[{"href":"https:\/\/auraliss.com\/de\/wp-json\/wp\/v2\/types\/page"}],"author":[{"embeddable":true,"href":"https:\/\/auraliss.com\/de\/wp-json\/wp\/v2\/users\/1"}],"replies":[{"embeddable":true,"href":"https:\/\/auraliss.com\/de\/wp-json\/wp\/v2\/comments?post=14471"}],"version-history":[{"count":37,"href":"https:\/\/auraliss.com\/de\/wp-json\/wp\/v2\/pages\/14471\/revisions"}],"predecessor-version":[{"id":17406,"href":"https:\/\/auraliss.com\/de\/wp-json\/wp\/v2\/pages\/14471\/revisions\/17406"}],"wp:attachment":[{"href":"https:\/\/auraliss.com\/de\/wp-json\/wp\/v2\/media?parent=14471"}],"curies":[{"name":"wp","href":"https:\/\/api.w.org\/{rel}","templated":true}]}}