{"id":14463,"date":"2025-11-02T09:27:10","date_gmt":"2025-11-02T09:27:10","guid":{"rendered":"https:\/\/auraliss.com\/auszeichnungen\/"},"modified":"2025-11-05T11:53:47","modified_gmt":"2025-11-05T11:53:47","slug":"auszeichnungen","status":"publish","type":"page","link":"https:\/\/auraliss.com\/de\/auszeichnungen\/","title":{"rendered":"Auszeichnungen"},"content":{"rendered":"\t\t<div data-elementor-type=\"wp-page\" data-elementor-id=\"14463\" class=\"elementor elementor-14463 elementor-13749\" data-elementor-post-type=\"page\">\n\t\t\t\t<div class=\"elementor-element elementor-element-9660318 e-flex e-con-boxed rt-parallax-bg-no e-con e-parent\" data-id=\"9660318\" data-element_type=\"container\" data-e-type=\"container\">\n\t\t\t\t\t<div class=\"e-con-inner\">\n\t\t\t\t<div class=\"elementor-element elementor-element-131cb33 elementor-widget elementor-widget-html\" data-id=\"131cb33\" data-element_type=\"widget\" data-e-type=\"widget\" data-widget_type=\"html.default\">\n\t\t\t\t\t<div class=\"awards-container\">\r\n\r\n  <h2 class=\"awards-title\">Unsere internationalen Auszeichnungen<\/h2>\r\n\r\n  <!-- G\u00f6rselli \u00f6d\u00fcller -->\r\n  <div class=\"award\">\r\n    <img decoding=\"async\" src=\"http:\/\/auraliss.com\/wp-content\/uploads\/2025\/11\/awards-healthcare-1.png\" alt=\"International Award of Excellence\" title=\"\">\r\n    <div class=\"award-content\">\r\n      <h2>International Award of Excellence \u2013 IAE & British Healthcare Awards, London<\/h2>\r\n      <h3>Best Healthcare Award \u2013 London<\/h3>\r\n      <p>Eine hochkar\u00e4tige Auszeichnung, die unser umfassendes Qualit\u00e4tsmanagement, unsere solide klinische Leitung und die au\u00dfergew\u00f6hnliche Patientenbetreuung auf internationalem Niveau hervorhebt. Sie unterstreicht unser Engagement, Protokolle kontinuierlich zu verbessern und bew\u00e4hrte Verfahren zu \u00fcbernehmen, um sichere, ethische und hochwirksame Behandlungsergebnisse zu gew\u00e4hrleisten.<\/p>\r\n    <\/div>\r\n  <\/div>\r\n\r\n  <div class=\"award\">\r\n    <img decoding=\"async\" src=\"http:\/\/auraliss.com\/wp-content\/uploads\/2025\/11\/esqr-quality-choise.png\" alt=\"Quality Choice Prize \u2013 Sweden 2025\" title=\"\">\r\n    <div class=\"award-content\">\r\n      <h2>Quality Choice Prize \u2013 Sweden 2025<\/h2>\r\n      <h3>Quality Choice Prize Sweden 2025<\/h3>\r\n      <p>Verliehen von der European Society for Quality Research (ESQR) f\u00fcr messbare Exzellenz in Innovation, Prozessoptimierung und Kundenzufriedenheit. Diese Auszeichnung spiegelt unser fortw\u00e4hrendes Engagement wider, internationale Ma\u00dfst\u00e4be zu \u00fcbertreffen, patientenorientierte Ans\u00e4tze zu f\u00f6rdern und eine Kultur der kontinuierlichen Verbesserung in allen Abteilungen aufrechtzuerhalten.<\/p>\r\n    <\/div>\r\n  <\/div>\r\n\r\n  <div class=\"award\">\r\n    <img decoding=\"async\" src=\"http:\/\/auraliss.com\/wp-content\/uploads\/2025\/11\/awards-2.png\" alt=\"IAE &amp; British Dental Awards 2021 \u2013 International Oscars of Dentistry\" title=\"\">\r\n    <div class=\"award-content\">\r\n      <h2>IAE & British Dental Awards 2021 \u2013 International Oscars of Dentistry<\/h2>\r\n      <h3>Best Dental Tourism Provider 2021 \u2013 Turkey<\/h3>\r\n      <p>Verliehen an das Attelia Oral & Dental Health Center f\u00fcr die Kombination aus erstklassiger klinischer Zahnmedizin und einem exzellenten Service f\u00fcr internationale Patienten mit nahtloser Nachsorge. Diese Auszeichnung bekr\u00e4ftigt unsere Position als vertrauensw\u00fcrdiger Partner f\u00fcr Patienten, die fortschrittliche zahnmedizinische L\u00f6sungen im Ausland suchen.<\/p>\r\n    <\/div>\r\n  <\/div>\r\n\r\n  <div class=\"award\">\r\n    <img decoding=\"async\" src=\"http:\/\/auraliss.com\/wp-content\/uploads\/2025\/11\/awards-3.png\" alt=\"Rose of Paracelsus Award \u2013 Belgium 2019\" title=\"\">\r\n    <div class=\"award-content\">\r\n      <h2>Rose of Paracelsus Award \u2013 Belgium 2019<\/h2>\r\n      <h3>Rose of Paracelsus Award Belgium 2019<\/h3>\r\n      <p>Eine renommierte Auszeichnung, die Gesundheitseinrichtungen w\u00fcrdigt, die in klinischer Praxis, Ethik und medizinischer Innovation herausragend sind. Sie spiegelt unser Engagement f\u00fcr sichere, transparente und ergebnisorientierte Zahnmedizin wider sowie unsere F\u00e4higkeit, Qualit\u00e4tsstandards \u00fcber nationale Grenzen hinaus zu beeinflussen.<\/p>\r\n    <\/div>\r\n  <\/div>\r\n\r\n  <div class=\"award\">\r\n    <img decoding=\"async\" src=\"http:\/\/auraliss.com\/wp-content\/uploads\/2025\/11\/awards-4.png\" alt=\"International Oscars of Dentistry \u2013 Best Cosmetic Dentist in Turkey\" title=\"\">\r\n    <div class=\"award-content\">\r\n      <h2>International Oscars of Dentistry \u2013 Best Cosmetic Dentist in Turkey<\/h2>\r\n      <h3>International Oscars of Dentistry Cosmetic Dentistry<\/h3>\r\n      <p>Beste kosmetische Zahn\u00e4rztin in der T\u00fcrkei. Diese Auszeichnung w\u00fcrdigt die Verbindung modernster \u00e4sthetischer Protokolle mit k\u00fcnstlerischer Pr\u00e4zision und h\u00f6chsten klinischen Qualit\u00e4tsstandards, um ein nat\u00fcrliches, funktionales und langlebiges L\u00e4cheln zu gew\u00e4hrleisten.<\/p>\r\n    <\/div>\r\n  <\/div>\r\n\r\n  <div class=\"award\">\r\n    <img decoding=\"async\" src=\"http:\/\/auraliss.com\/wp-content\/uploads\/2025\/11\/awards-5.png\" alt=\"Rose of Paracelsus Award \u2013 Brussels\" title=\"\">\r\n    <div class=\"award-content\">\r\n      <h2>Rose of Paracelsus Award \u2013 Brussels<\/h2>\r\n      <h3>Rose of Paracelsus Award Brussels<\/h3>\r\n      <p>W\u00fcrdigt anhaltende Exzellenz im Gesundheitsmanagement und eine ausgepr\u00e4gte patientenorientierte Kultur. Diese Anerkennung best\u00e4tigt unseren hervorragenden Ruf in der europ\u00e4ischen Gesundheitsgemeinschaft und unser Engagement f\u00fcr h\u00f6chste Qualit\u00e4t in allen Phasen der Behandlung \u2013 von der Diagnose bis zur Nachsorge.<\/p>\r\n    <\/div>\r\n  <\/div>\r\n\r\n  <div class=\"award\">\r\n    <img decoding=\"async\" src=\"http:\/\/auraliss.com\/wp-content\/uploads\/2025\/11\/awards-6.png\" alt=\"International Awards of Excellence \u2013 IAE &amp; British Dental Awards 2020\" title=\"\">\r\n    <div class=\"award-content\">\r\n      <h2>International Awards of Excellence \u2013 IAE & British Dental Awards 2020<\/h2>\r\n      <h3>Best Dental Clinic<\/h3>\r\n      <p>Diese Auszeichnung w\u00fcrdigt unsere Integration modernster Technologie mit soliden Qualit\u00e4tsmanagementsystemen und einer empathischen Patientenerfahrung \u2013 f\u00fcr vorhersehbare, sichere und \u00e4sthetisch \u00fcberzeugende Ergebnisse, die weltweit neue Ma\u00dfst\u00e4be f\u00fcr Zahnkliniken setzen.<\/p>\r\n    <\/div>\r\n  <\/div>\r\n\r\n  <div class=\"award\">\r\n    <img decoding=\"async\" src=\"http:\/\/auraliss.com\/wp-content\/uploads\/2025\/11\/awards-7.png\" alt=\"IAE &amp; British Dental Awards 2021 \u2013 Best Implantology Team, Turkey\" title=\"\">\r\n    <div class=\"award-content\">\r\n      <h2>IAE & British Dental Awards 2021 \u2013 Best Implantology Team, Turkey<\/h2>\r\n      <h3>Best Implantology Team 2021 \u2013 Turkey<\/h3>\r\n      <p>Verliehen an das Attelia Oral & Dental Health Center f\u00fcr Innovationen in der Implantatchirurgie, fortschrittliche digitale Planung und umfassende Nachsorge. Diese Auszeichnung best\u00e4tigt unsere f\u00fchrende Rolle in der Implantologie auf internationaler Ebene.<\/p>\r\n    <\/div>\r\n  <\/div>\r\n\r\n  <div class=\"award\">\r\n    <img decoding=\"async\" src=\"http:\/\/auraliss.com\/wp-content\/uploads\/2025\/11\/awards-belgium.png\" alt=\"The International Diamond Prize for Excellence in Quality 2023 \u2013 Belgium\" title=\"\">\r\n    <div class=\"award-content\">\r\n      <h2>The International Diamond Prize for Excellence in Quality 2023 \u2013 Belgium<\/h2>\r\n      <h3>The International Diamond Prize for Excellence in Quality 2023<\/h3>\r\n      <p>Belgien \u2013 9. Juli 2023. Diese Auszeichnung w\u00fcrdigt Organisationen, die messbare F\u00fchrungsqualit\u00e4t, starke Governance und kontinuierliche Verbesserungen in allen Abl\u00e4ufen zeigen \u2013 ein Beweis f\u00fcr unseren langfristigen Fokus auf Exzellenz und unseren Anspruch, internationale Standards weiter zu erh\u00f6hen.<\/p>\r\n    <\/div>\r\n  <\/div>\r\n\r\n  <!-- G\u00f6rselsiz \u00f6d\u00fcller -->\r\n  <div class=\"awards-list\">\r\n    <h3 class=\"awards-title\">Alle Auszeichnungen<\/h3>\r\n\r\n    <h3>Quality Choice Prize<\/h3>\r\n    <p>European Society for Quality Research \u2013 Schweden 2025. Diese Auszeichnung w\u00fcrdigt unsere konsequente Bereitstellung hervorragender Gesundheitsdienstleistungen und unser Engagement f\u00fcr internationale Qualit\u00e4tsstandards.<\/p>\r\n\r\n    <h3>Rose Of Paracelsus Award<\/h3>\r\n    <p>Belgien 2019. Eine renommierte Auszeichnung f\u00fcr Exzellenz in Gesundheitsstandards, Innovation und F\u00fchrungsqualit\u00e4t in der Zahnmedizin.<\/p>\r\n\r\n    <h3>Rose Of Paracelsus Award<\/h3>\r\n    <p>Inhaber\/Chefzahnarzt Mehmet \u0130\u015flek \u2013 Belgien 2019. Anerkennung der vision\u00e4ren F\u00fchrung und der pers\u00f6nlichen Beitr\u00e4ge unseres leitenden Zahnarztes zur Weiterentwicklung der Zahnmedizin.<\/p>\r\n\r\n    <h3>IAE & British Dental Awards 2019<\/h3>\r\n    <p>International Award in Dentistry. Anerkennung f\u00fcr Attelia, das neue Ma\u00dfst\u00e4be in patientenzentrierter Zahnmedizin und klinischer Expertise setzt.<\/p>\r\n\r\n    <h3>IAE & British Dental Awards 2020<\/h3>\r\n    <p>Eine angesehene Auszeichnung, die unsere kontinuierliche Reise der Exzellenz und Innovation in der zahnmedizinischen Versorgung auf internationalen Plattformen unterstreicht.<\/p>\r\n\r\n    <h3>International Awards Of Excellence 2019<\/h3>\r\n    <p>IAE & British Dental Awards \u2013 Best Dental Clinic. Eine bedeutende Auszeichnung, die an Chefzahnarzt Mehmet \u0130\u015flek f\u00fcr au\u00dfergew\u00f6hnliche Leistungen und hervorragende Pflegequalit\u00e4t verliehen wurde.<\/p>\r\n\r\n    <h3>International Award Of Excellence 2019<\/h3>\r\n    <p>IAE & British Dental Awards \u2013 Best Dental Centre in Turkey \u2013 13. Juli 2019. Anerkennung der f\u00fchrenden Rolle von Attelia als Pionier in der t\u00fcrkischen Zahnmedizin.<\/p>\r\n\r\n    <h3>International Award Of Excellence 2020<\/h3>\r\n    <p>Europe\u2019s Top Star in Dentistry \u2013 Chefzahnarzt Mehmet \u0130\u015flek \u2013 5. September 2020. W\u00fcrdigung individueller Leistungen und internationaler Wirkung in der Zahnmedizin.<\/p>\r\n\r\n    <h3>International Award Of Excellence 2020<\/h3>\r\n    <p>Best Dental Centre in Turkey \u2013 5. September 2020. Beweis f\u00fcr Attelias Position als f\u00fchrende Institution in der globalen Zahnmedizin.<\/p>\r\n\r\n    <h3>International Award Of Excellence 2020<\/h3>\r\n    <p>Best Cosmetic Dentist in Turkey \u2013 5. September 2020. Anerkennung unserer Expertise bei der Schaffung nat\u00fcrlicher, \u00e4sthetischer L\u00e4cheln durch fortschrittliche kosmetische Zahnmedizin.<\/p>\r\n\r\n    <h3>IAE & British Dental Awards 2021<\/h3>\r\n    <p>International Oscars of Dentistry \u2013 Best Implantology Team 2021 \u2013 T\u00fcrkei. Verliehen an das Attelia Oral & Dental Health Center f\u00fcr bahnbrechende Arbeiten in der Implantologie und hervorragende Patientenergebnisse.<\/p>\r\n\r\n    <h3>IAE & British Dental Awards 2021<\/h3>\r\n    <p>International Oscars of Dentistry \u2013 Best Dental Tourism Provider 2021 \u2013 T\u00fcrkei. Anerkennung unserer globalen Patientendienste und unseres Beitrags zum Gesundheitstourismus.<\/p>\r\n\r\n    <h3>The International Diamond Prize for Excellence in Quality 2023<\/h3>\r\n    <p>Belgien \u2013 9. Juli 2023. Eine seltene Auszeichnung f\u00fcr Institutionen, die konsequent h\u00f6chste Qualit\u00e4t, Zuverl\u00e4ssigkeit und Patientenzufriedenheit bieten.<\/p>\r\n\r\n    <h3>International Award of Excellence 2023<\/h3>\r\n    <p>IAE & British Healthcare Awards \u2013 Best Dental Solution Provider Turkey. W\u00fcrdigung unserer fortschrittlichen klinischen L\u00f6sungen und umfassenden Patientenbetreuung.<\/p>\r\n\r\n    <h3>International Award of Excellence 2023<\/h3>\r\n    <p>IAE & British Healthcare Awards \u2013 Best Smile Design Clinic Turkey. Feier unserer Kunstfertigkeit in \u00e4sthetischer Zahnmedizin und personalisierten Smile-Designs.<\/p>\r\n\r\n    <h3>International Award of Excellence 2023<\/h3>\r\n    <p>IAE & British Healthcare Awards \u2013 Best Onsite Dental Laboratory Turkey. Anerkennung unseres internen Labors f\u00fcr Innovation, Effizienz und Pr\u00e4zision auf Weltniveau in der Zahntechnik.<\/p>\r\n\r\n  <\/div>\r\n\r\n<\/div>\r\n\t\t\t\t<\/div>\n\t\t\t\t\t<\/div>\n\t\t\t\t<\/div>\n\t\t\t\t<\/div>\n\t\t","protected":false},"excerpt":{"rendered":"<p>Unsere internationalen Auszeichnungen International Award of Excellence \u2013 IAE &#038; British Healthcare Awards, London Best Healthcare Award \u2013 London Eine hochkar\u00e4tige Auszeichnung, die unser umfassendes Qualit\u00e4tsmanagement, unsere solide klinische Leitung und die au\u00dfergew\u00f6hnliche Patientenbetreuung auf internationalem Niveau hervorhebt. Sie unterstreicht unser Engagement, Protokolle kontinuierlich zu verbessern und bew\u00e4hrte Verfahren zu \u00fcbernehmen, um sichere, ethische und [&hellip;]<\/p>\n","protected":false},"author":1,"featured_media":0,"parent":0,"menu_order":0,"comment_status":"closed","ping_status":"closed","template":"","meta":{"_acf_changed":false,"footnotes":""},"class_list":["post-14463","page","type-page","status-publish","hentry"],"acf":[],"_links":{"self":[{"href":"https:\/\/auraliss.com\/de\/wp-json\/wp\/v2\/pages\/14463","targetHints":{"allow":["GET"]}}],"collection":[{"href":"https:\/\/auraliss.com\/de\/wp-json\/wp\/v2\/pages"}],"about":[{"href":"https:\/\/auraliss.com\/de\/wp-json\/wp\/v2\/types\/page"}],"author":[{"embeddable":true,"href":"https:\/\/auraliss.com\/de\/wp-json\/wp\/v2\/users\/1"}],"replies":[{"embeddable":true,"href":"https:\/\/auraliss.com\/de\/wp-json\/wp\/v2\/comments?post=14463"}],"version-history":[{"count":9,"href":"https:\/\/auraliss.com\/de\/wp-json\/wp\/v2\/pages\/14463\/revisions"}],"predecessor-version":[{"id":14599,"href":"https:\/\/auraliss.com\/de\/wp-json\/wp\/v2\/pages\/14463\/revisions\/14599"}],"wp:attachment":[{"href":"https:\/\/auraliss.com\/de\/wp-json\/wp\/v2\/media?parent=14463"}],"curies":[{"name":"wp","href":"https:\/\/api.w.org\/{rel}","templated":true}]}}