{"id":14363,"date":"2025-11-02T09:14:39","date_gmt":"2025-11-02T09:14:39","guid":{"rendered":"https:\/\/auraliss.com\/about-dr-islek\/"},"modified":"2025-11-05T11:54:06","modified_gmt":"2025-11-05T11:54:06","slug":"ueber-dr-islek","status":"publish","type":"page","link":"https:\/\/auraliss.com\/de\/ueber-dr-islek\/","title":{"rendered":"\u00dcber Dr. Islek"},"content":{"rendered":"\t\t<div data-elementor-type=\"wp-page\" data-elementor-id=\"14363\" class=\"elementor elementor-14363 elementor-13733\" data-elementor-post-type=\"page\">\n\t\t\t\t<div class=\"elementor-element elementor-element-4ffab9d e-flex e-con-boxed rt-parallax-bg-no e-con e-parent\" data-id=\"4ffab9d\" data-element_type=\"container\" data-e-type=\"container\">\n\t\t\t\t\t<div class=\"e-con-inner\">\n\t\t<div class=\"elementor-element elementor-element-9e1bdf2 e-con-full e-flex rt-parallax-bg-no e-con e-child\" data-id=\"9e1bdf2\" data-element_type=\"container\" data-e-type=\"container\">\n\t\t<div class=\"elementor-element elementor-element-a23957c e-con-full sidebar-sticky e-flex rt-parallax-bg-no e-con e-child\" data-id=\"a23957c\" data-element_type=\"container\" data-e-type=\"container\">\n\t\t<div class=\"elementor-element elementor-element-f1e6118 e-con-full e-flex rt-parallax-bg-no e-con e-child\" data-id=\"f1e6118\" data-element_type=\"container\" data-e-type=\"container\">\n\t\t\t\t<div class=\"elementor-element elementor-element-895e51b elementor-invisible elementor-widget elementor-widget-rt-title\" data-id=\"895e51b\" data-element_type=\"widget\" data-e-type=\"widget\" data-widget_type=\"rt-title.default\">\n\t\t\t\t<div class=\"elementor-widget-container\">\n\t\t\t\t\t<div class=\"section-title-wrapper \">\r\n\t<div class=\"title-inner-wrapper ah-headline\">\r\n        \t\t<!--Top Sub Title-->\r\n\t\t\r\n\t\t<!--Main Title-->\r\n\t\t        <div class=\"wow-off fadeInUp\" data-wow-delay=\"400ms\" data-wow-duration=\"1200ms\">\r\n            <h2 class=\"main-title title-gradient-animation  line-shape has-animation middle \">Auraliss Health                            <\/h2>\r\n        <\/div>\r\n        \r\n        <!--Description-->\r\n        \r\n\t        <\/div>\r\n<\/div>\t\t\t\t<\/div>\n\t\t\t\t<\/div>\n\t\t\t\t<div class=\"elementor-element elementor-element-5823944 elementor-invisible elementor-widget elementor-widget-rt-button\" data-id=\"5823944\" data-element_type=\"widget\" data-e-type=\"widget\" data-widget_type=\"rt-button.default\">\n\t\t\t\t<div class=\"elementor-widget-container\">\n\t\t\t\t\t\r\n<div class=\"rt-button wow fadeInUp\" data-wow-delay=\"200ms\" data-wow-duration=\"1200ms\">\r\n\t\r\n                            <a class=\"rt-primary-btn btn button-2 \" href=\"https:\/\/auraliss.com\/de\/ueber-uns\/\" aria-label=\"button link\">\r\n\t                \u00dcber Uns\t                <i class=\"icon-rt-right-arrow\"><\/i>                <\/a>\r\n            \t<\/div>\t\t\t\t<\/div>\n\t\t\t\t<\/div>\n\t\t\t\t<div class=\"elementor-element elementor-element-035167d elementor-invisible elementor-widget elementor-widget-rt-button\" data-id=\"035167d\" data-element_type=\"widget\" data-e-type=\"widget\" data-widget_type=\"rt-button.default\">\n\t\t\t\t<div class=\"elementor-widget-container\">\n\t\t\t\t\t\r\n<div class=\"rt-button wow fadeInUp\" data-wow-delay=\"200ms\" data-wow-duration=\"1200ms\">\r\n\t\r\n                            <a class=\"rt-primary-btn btn button-2 \" href=\"https:\/\/auraliss.com\/de\/ueber-dr-islek\/\" aria-label=\"button link\">\r\n\t                \u00dcber Dr. Islek\t                <i class=\"icon-rt-right-arrow\"><\/i>                <\/a>\r\n            \t<\/div>\t\t\t\t<\/div>\n\t\t\t\t<\/div>\n\t\t\t\t<div class=\"elementor-element elementor-element-2e745a7 elementor-invisible elementor-widget elementor-widget-rt-button\" data-id=\"2e745a7\" data-element_type=\"widget\" data-e-type=\"widget\" data-widget_type=\"rt-button.default\">\n\t\t\t\t<div class=\"elementor-widget-container\">\n\t\t\t\t\t\r\n<div class=\"rt-button wow fadeInUp\" data-wow-delay=\"200ms\" data-wow-duration=\"1200ms\">\r\n\t\r\n                            <a class=\"rt-primary-btn btn button-2 \" href=\"\/de\/Unsere-Technologie\/\" aria-label=\"button link\">\r\n\t                Unsere Technologie\t                <i class=\"icon-rt-right-arrow\"><\/i>                <\/a>\r\n            \t<\/div>\t\t\t\t<\/div>\n\t\t\t\t<\/div>\n\t\t\t\t<div class=\"elementor-element elementor-element-cb7dd5e elementor-invisible elementor-widget elementor-widget-rt-button\" data-id=\"cb7dd5e\" data-element_type=\"widget\" data-e-type=\"widget\" data-widget_type=\"rt-button.default\">\n\t\t\t\t<div class=\"elementor-widget-container\">\n\t\t\t\t\t\r\n<div class=\"rt-button wow fadeInUp\" data-wow-delay=\"200ms\" data-wow-duration=\"1200ms\">\r\n\t\r\n                            <a class=\"rt-primary-btn btn button-2 \" href=\"https:\/\/auraliss.com\/de\/auszeichnungen\/\" aria-label=\"button link\">\r\n\t                Auszeichnungen\t                <i class=\"icon-rt-right-arrow\"><\/i>                <\/a>\r\n            \t<\/div>\t\t\t\t<\/div>\n\t\t\t\t<\/div>\n\t\t\t\t<div class=\"elementor-element elementor-element-b043787 elementor-invisible elementor-widget elementor-widget-rt-button\" data-id=\"b043787\" data-element_type=\"widget\" data-e-type=\"widget\" data-widget_type=\"rt-button.default\">\n\t\t\t\t<div class=\"elementor-widget-container\">\n\t\t\t\t\t\r\n<div class=\"rt-button wow fadeInUp\" data-wow-delay=\"200ms\" data-wow-duration=\"1200ms\">\r\n\t\r\n                            <a class=\"rt-primary-btn btn button-2 \" href=\"\/de\/Zertifikate\/\" aria-label=\"button link\">\r\n\t                Zertifikate\t                <i class=\"icon-rt-right-arrow\"><\/i>                <\/a>\r\n            \t<\/div>\t\t\t\t<\/div>\n\t\t\t\t<\/div>\n\t\t\t\t<div class=\"elementor-element elementor-element-2440007 elementor-invisible elementor-widget elementor-widget-rt-button\" data-id=\"2440007\" data-element_type=\"widget\" data-e-type=\"widget\" data-widget_type=\"rt-button.default\">\n\t\t\t\t<div class=\"elementor-widget-container\">\n\t\t\t\t\t\r\n<div class=\"rt-button wow fadeInUp\" data-wow-delay=\"200ms\" data-wow-duration=\"1200ms\">\r\n\t\r\n                            <a class=\"rt-primary-btn btn button-2 \" href=\"\/de\/Zahnbehandlungspakete\/\" aria-label=\"button link\">\r\n\t                Zahnbehandlungspakete\t                <i class=\"icon-rt-right-arrow\"><\/i>                <\/a>\r\n            \t<\/div>\t\t\t\t<\/div>\n\t\t\t\t<\/div>\n\t\t\t\t<div class=\"elementor-element elementor-element-21ae8cf elementor-invisible elementor-widget elementor-widget-rt-button\" data-id=\"21ae8cf\" data-element_type=\"widget\" data-e-type=\"widget\" data-widget_type=\"rt-button.default\">\n\t\t\t\t<div class=\"elementor-widget-container\">\n\t\t\t\t\t\r\n<div class=\"rt-button wow fadeInUp\" data-wow-delay=\"200ms\" data-wow-duration=\"1200ms\">\r\n\t\r\n                            <a class=\"rt-primary-btn btn button-2 \" href=\"\/de\/Vorher-Nachher\/\" aria-label=\"button link\">\r\n\t                Vorher &amp; Nachher\t                <i class=\"icon-rt-right-arrow\"><\/i>                <\/a>\r\n            \t<\/div>\t\t\t\t<\/div>\n\t\t\t\t<\/div>\n\t\t\t\t<div class=\"elementor-element elementor-element-141a0f4 elementor-invisible elementor-widget elementor-widget-rt-button\" data-id=\"141a0f4\" data-element_type=\"widget\" data-e-type=\"widget\" data-widget_type=\"rt-button.default\">\n\t\t\t\t<div class=\"elementor-widget-container\">\n\t\t\t\t\t\r\n<div class=\"rt-button wow fadeInUp\" data-wow-delay=\"200ms\" data-wow-duration=\"1200ms\">\r\n\t\r\n                            <a class=\"rt-primary-btn btn button-2 \" href=\"https:\/\/auraliss.com\/de\/zahnreise-in-die-tuerkei\/\" aria-label=\"button link\">\r\n\t                Zahnreise in die T\u00fcrkei\t                <i class=\"icon-rt-right-arrow\"><\/i>                <\/a>\r\n            \t<\/div>\t\t\t\t<\/div>\n\t\t\t\t<\/div>\n\t\t\t\t<div class=\"elementor-element elementor-element-2425b41 elementor-invisible elementor-widget elementor-widget-rt-button\" data-id=\"2425b41\" data-element_type=\"widget\" data-e-type=\"widget\" data-widget_type=\"rt-button.default\">\n\t\t\t\t<div class=\"elementor-widget-container\">\n\t\t\t\t\t\r\n<div class=\"rt-button wow fadeInUp\" data-wow-delay=\"200ms\" data-wow-duration=\"1200ms\">\r\n\t\r\n                            <a class=\"rt-primary-btn btn button-2 \" href=\"\/de\/Kontakt\/\" aria-label=\"button link\">\r\n\t                Kontakt\t                <i class=\"icon-rt-right-arrow\"><\/i>                <\/a>\r\n            \t<\/div>\t\t\t\t<\/div>\n\t\t\t\t<\/div>\n\t\t\t\t<\/div>\n\t\t<div class=\"elementor-element elementor-element-b7536aa e-con-full animated-slow e-flex rt-parallax-bg-no elementor-invisible e-con e-child\" data-id=\"b7536aa\" data-element_type=\"container\" data-e-type=\"container\" data-settings=\"{&quot;background_background&quot;:&quot;classic&quot;,&quot;animation&quot;:&quot;fadeInUp&quot;}\">\n\t\t\t\t<div class=\"elementor-element elementor-element-dcc2794 elementor-invisible elementor-widget elementor-widget-rt-title\" data-id=\"dcc2794\" data-element_type=\"widget\" data-e-type=\"widget\" data-widget_type=\"rt-title.default\">\n\t\t\t\t<div class=\"elementor-widget-container\">\n\t\t\t\t\t<div class=\"section-title-wrapper \">\r\n\t<div class=\"title-inner-wrapper ah-headline\">\r\n        \t\t<!--Top Sub Title-->\r\n\t\t\r\n\t\t<!--Main Title-->\r\n\t\t        <div class=\"wow-off fadeInUp\" data-wow-delay=\"400ms\" data-wow-duration=\"1200ms\">\r\n            <h2 class=\"main-title title-gradient-animation  line-shape has-animation middle \">Wir k\u00fcmmern uns immer um Ihr L\u00e4cheln und Ihr Selbstvertrauen.                            <\/h2>\r\n        <\/div>\r\n        \r\n        <!--Description-->\r\n        \r\n\t        <\/div>\r\n<\/div>\t\t\t\t<\/div>\n\t\t\t\t<\/div>\n\t\t\t\t<div class=\"elementor-element elementor-element-748b803 elementor-invisible elementor-widget elementor-widget-rt-info-box\" data-id=\"748b803\" data-element_type=\"widget\" data-e-type=\"widget\" data-widget_type=\"rt-info-box.default\">\n\t\t\t\t<div class=\"elementor-widget-container\">\n\t\t\t\t\t\r\n<div class=\"rt-info-box rt-info-layout-2\" data-parallax='{\"y\" : , \"x\" : }'>\r\n    <div class=\"info-box wow-off fadeInUp\" data-wow-delay=\"200ms\" data-wow-duration=\"1200ms\">\r\n\t\t            <div class=\"info-icon-holder icon-holder\">\r\n                <div class=\"info-icon\">\r\n\t\t            <i aria-hidden=\"true\" class=\"fab fa-whatsapp\"><\/i>                <\/div>\r\n            <\/div>\r\n\t\t\r\n        <div class=\"info-content-holder\">\r\n\t\t\t            <h3 class=\"info-title\"><a >WhatsApp:<\/a><\/h3>\r\n\t                                    <div class=\"content-holder\"><p>+90 542 172 57 82\n\n<\/p><\/div>\r\n                                <\/div>\r\n    <\/div>\r\n<\/div>\t\t\t\t<\/div>\n\t\t\t\t<\/div>\n\t\t\t\t<\/div>\n\t\t\t\t<\/div>\n\t\t<div class=\"elementor-element elementor-element-af23d58 e-con-full e-flex rt-parallax-bg-no e-con e-child\" data-id=\"af23d58\" data-element_type=\"container\" data-e-type=\"container\">\n\t\t\t\t<div class=\"elementor-element elementor-element-cab5238 elementor-widget elementor-widget-rt-image\" data-id=\"cab5238\" data-element_type=\"widget\" data-e-type=\"widget\" data-widget_type=\"rt-image.default\">\n\t\t\t\t<div class=\"elementor-widget-container\">\n\t\t\t\t\t\r\n<div class=\"rt-image-layout rt-loop-animation-no rt-image-layout-1 \">\r\n\r\n\t        <div class=\"rt-image  wow-off fadeInUp\" data-wow-delay=\"200ms\" data-wow-duration=\"1200ms\">\r\n            <div data-parallax='{\"y\" : , \"x\" : }'>\r\n\t            \t\t            \t\t                        <\/div>\r\n        <\/div>\r\n\r\n\t\t    \r\n\r\n\t\r\n<\/div>\t\t\t\t<\/div>\n\t\t\t\t<\/div>\n\t\t\t\t<div class=\"elementor-element elementor-element-af4c6c1 elementor-widget elementor-widget-html\" data-id=\"af4c6c1\" data-element_type=\"widget\" data-e-type=\"widget\" data-widget_type=\"html.default\">\n\t\t\t\t\t<section class=\"doctor-profile-horizontal\">\r\n  <div class=\"doctor-banner\">\r\n    <img decoding=\"async\" src=\"http:\/\/auraliss.com\/wp-content\/uploads\/2025\/11\/founder.png\" alt=\"Dr. Mehmet \u0130\u015flek\" title=\"\">\r\n    <div class=\"banner-overlay\">\r\n      <h2>Dr. Mehmet \u0130\u015flek<\/h2>\r\n      <p>Ein Pionier in der Zahnmedizin und ein vertrauensw\u00fcrdiger Name in der fortschrittlichen oralen Pflege in Antalya.<\/p>\r\n    <\/div>\r\n  <\/div>\r\n\r\n  <div class=\"doctor-content\">\r\n    <div class=\"doctor-section\">\r\n      <h3>Biografie<\/h3>\r\n      <p>\r\n        Geboren 1957 in Antalya. Er absolvierte 1982 die Dicle-Universit\u00e4t und arbeitete zwischen 1982 und 1984 als niedergelassener Zahnarzt. 1986 er\u00f6ffnete er seine eigene Privatklinik in Antalya und leitet seit 2011 das \u201eAttelia Oral and Dental Health Centre\u201c.\r\n      <\/p>\r\n    <\/div>\r\n\r\n    <div class=\"doctor-section\">\r\n      <h3>Klinischer Schwerpunkt<\/h3>\r\n      <p>\r\n        Dr. Mehmet \u0130\u015flek hat im Laufe seiner beruflichen Laufbahn an zahlreichen Kongressen und Seminaren teilgenommen. Sein Schwerpunkt liegt auf fortgeschrittenen chirurgischen Techniken, Implantatchirurgie, \u00e4sthetischer Zahnmedizin und Prothetik.\r\n      <\/p>\r\n    <\/div>\r\n\r\n    <div class=\"doctor-section\">\r\n      <h3>Pionierarbeit<\/h3>\r\n      <p>\r\n        Er trat in Fernsehsendungen auf, in denen er \u00fcber seine beruflichen Erfolge und Erfahrungen berichtete, und teilt sein Wissen mit anderen Zahn\u00e4rzten des \u201eAttelia Oral and Dental Health Centre\u201c. Dr. Mehmet \u0130\u015flek war der erste Zahnarzt in Antalya, der volumetrische Tomographieger\u00e4te einsetzte, und geh\u00f6rte zu den ersten, die computergef\u00fchrte Implantattechnologie verwendeten. Er gilt als Zahnarzt, der die neuesten technologischen Entwicklungen in der Zahnmedizin verfolgt und anwendet.\r\n      <\/p>\r\n    <\/div>\r\n\r\n    <div class=\"doctor-section\">\r\n      <h3>Auszeichnungen<\/h3>\r\n      <p>\r\n        Mehmet \u0130\u015flek erhielt zahlreiche Auszeichnungen, darunter den \u201eInternational Award of Excellence & IAE British Dental Awards \u2013 Europe\u2019s Top Star in Dentistry \u2013 Mehmet Islek \u2013 5. September 2020\u201c.\r\n      <\/p>\r\n    <\/div>\r\n\r\n    <a href=\"https:\/\/auraliss.com\/appointment\/\" class=\"cta-button\">Einen Termin vereinbaren<\/a>\r\n  <\/div>\r\n<\/section>\r\n\t\t\t\t<\/div>\n\t\t\t\t<\/div>\n\t\t\t\t<\/div>\n\t\t\t\t\t<\/div>\n\t\t\t\t<\/div>\n\t\t\t\t<\/div>\n\t\t","protected":false},"excerpt":{"rendered":"<p>Auraliss Health \u00dcber Uns \u00dcber Dr. Islek Unsere Technologie Auszeichnungen Zertifikate Zahnbehandlungspakete Vorher &amp; Nachher Zahnreise in die T\u00fcrkei Kontakt Wir k\u00fcmmern uns immer um Ihr L\u00e4cheln und Ihr Selbstvertrauen. WhatsApp: +90 542 172 57 82 Dr. Mehmet \u0130\u015flek Ein Pionier in der Zahnmedizin und ein vertrauensw\u00fcrdiger Name in der fortschrittlichen oralen Pflege in Antalya. [&hellip;]<\/p>\n","protected":false},"author":1,"featured_media":0,"parent":0,"menu_order":0,"comment_status":"closed","ping_status":"closed","template":"elementor_header_footer","meta":{"_acf_changed":false,"footnotes":""},"class_list":["post-14363","page","type-page","status-publish","hentry"],"acf":[],"_links":{"self":[{"href":"https:\/\/auraliss.com\/de\/wp-json\/wp\/v2\/pages\/14363","targetHints":{"allow":["GET"]}}],"collection":[{"href":"https:\/\/auraliss.com\/de\/wp-json\/wp\/v2\/pages"}],"about":[{"href":"https:\/\/auraliss.com\/de\/wp-json\/wp\/v2\/types\/page"}],"author":[{"embeddable":true,"href":"https:\/\/auraliss.com\/de\/wp-json\/wp\/v2\/users\/1"}],"replies":[{"embeddable":true,"href":"https:\/\/auraliss.com\/de\/wp-json\/wp\/v2\/comments?post=14363"}],"version-history":[{"count":20,"href":"https:\/\/auraliss.com\/de\/wp-json\/wp\/v2\/pages\/14363\/revisions"}],"predecessor-version":[{"id":14602,"href":"https:\/\/auraliss.com\/de\/wp-json\/wp\/v2\/pages\/14363\/revisions\/14602"}],"wp:attachment":[{"href":"https:\/\/auraliss.com\/de\/wp-json\/wp\/v2\/media?parent=14363"}],"curies":[{"name":"wp","href":"https:\/\/api.w.org\/{rel}","templated":true}]}}